{"id":353,"date":"2019-09-06T12:29:56","date_gmt":"2019-09-06T11:29:56","guid":{"rendered":"https:\/\/rollpack.hu\/?page_id=353"},"modified":"2020-03-05T12:12:05","modified_gmt":"2020-03-05T11:12:05","slug":"rolunk","status":"publish","type":"page","link":"https:\/\/rollpack.hu\/de\/rolunk\/","title":{"rendered":"\u00dcber"},"content":{"rendered":"\t\t<div data-elementor-type=\"wp-post\" data-elementor-id=\"353\" class=\"elementor elementor-353\" data-elementor-settings=\"[]\">\n\t\t\t\t\t\t<div class=\"elementor-inner\">\n\t\t\t\t\t\t\t<div class=\"elementor-section-wrap\">\n\t\t\t\t\t\t\t<section class=\"elementor-section elementor-top-section elementor-element elementor-element-d2d7406 elementor-section-boxed elementor-section-height-default elementor-section-height-default\" data-id=\"d2d7406\" data-element_type=\"section\">\n\t\t\t\t\t\t<div class=\"elementor-container elementor-column-gap-default\">\n\t\t\t\t\t\t\t<div class=\"elementor-row\">\n\t\t\t\t\t<div class=\"elementor-column elementor-col-100 elementor-top-column elementor-element elementor-element-fd95ac7\" data-id=\"fd95ac7\" data-element_type=\"column\">\n\t\t\t<div class=\"elementor-column-wrap elementor-element-populated\">\n\t\t\t\t\t\t\t<div class=\"elementor-widget-wrap\">\n\t\t\t\t\t\t<section class=\"elementor-section elementor-inner-section elementor-element elementor-element-00d4d6a elementor-section-boxed elementor-section-height-default elementor-section-height-default\" data-id=\"00d4d6a\" data-element_type=\"section\">\n\t\t\t\t\t\t<div class=\"elementor-container elementor-column-gap-default\">\n\t\t\t\t\t\t\t<div class=\"elementor-row\">\n\t\t\t\t\t<div class=\"elementor-column elementor-col-33 elementor-inner-column elementor-element elementor-element-05a6e65\" data-id=\"05a6e65\" data-element_type=\"column\">\n\t\t\t<div class=\"elementor-column-wrap elementor-element-populated\">\n\t\t\t\t\t\t\t<div class=\"elementor-widget-wrap\">\n\t\t\t\t\t\t<div class=\"elementor-element elementor-element-e7e4b76 elementor-widget elementor-widget-text-editor\" data-id=\"e7e4b76\" data-element_type=\"widget\" data-widget_type=\"text-editor.default\">\n\t\t\t\t<div class=\"elementor-widget-container\">\n\t\t\t\t\t\t\t\t<div class=\"elementor-text-editor elementor-clearfix\">\n\t\t\t\t<h1 style=\"font-weight: 1000;\">\u00a0\u00dcber<\/h1>\t\t\t\t\t<\/div>\n\t\t\t\t\t\t<\/div>\n\t\t\t\t<\/div>\n\t\t\t\t\t\t<\/div>\n\t\t\t\t\t<\/div>\n\t\t<\/div>\n\t\t\t\t<div class=\"elementor-column elementor-col-66 elementor-inner-column elementor-element elementor-element-1228642\" data-id=\"1228642\" data-element_type=\"column\">\n\t\t\t<div class=\"elementor-column-wrap elementor-element-populated\">\n\t\t\t\t\t\t\t<div class=\"elementor-widget-wrap\">\n\t\t\t\t\t\t<div class=\"elementor-element elementor-element-461034a elementor-widget elementor-widget-text-editor\" data-id=\"461034a\" data-element_type=\"widget\" data-widget_type=\"text-editor.default\">\n\t\t\t\t<div class=\"elementor-widget-container\">\n\t\t\t\t\t\t\t\t<div class=\"elementor-text-editor elementor-clearfix\">\n\t\t\t\t<div style=\"color: black !important;\">\n<h4 style=\"margin-bottom: 20px;\"><span style=\"font-family: 'Open Sans', sans-serif;\">Ein Lagerhaus f\u00fcr flexible L\u00f6sungen<\/span><\/h4>\n<p style=\"color: #000000;\">In den letzten 25 Jahren hat sich ROLL-PACK Trading House Ltd. zum\nf\u00fchrenden ungarischen\nHersteller von Kunststoffverpackungsmaterialien und Ladungssicherungsfolien entwickelt . In unserem Werk in Soltvadkert werden derzeit auf 7 Maschinen 7 verschiedene Arten von Stretchfolien hergestellt. Die Kapazit\u00e4t unserer Streck- und Umwickelmaschinen betr\u00e4gt 5000 Tonnen pro Jahr.\n70% unseres Umsatzes entfallen auf das Inland. Wir exportieren 30% unserer Produkte.\nDie Kapazit\u00e4t unserer eigenen und externen Lager betr\u00e4gt bis zu 1000 Paletten\n. Wir erledigen unsere Logistik mit eigenen Autos oder mit externen Transportunternehmen.<\/p>\n\n<h4 style=\"margin-bottom: 20px;\">Unsere Hauptaktivit\u00e4ten<\/h4>\n<p style=\"color: #000000;\">Stretchfolien, die in unserem Werk auf 150-300% gestreckt werden k\u00f6nnen, werden in\nDicken von 5 bis 30 Mikron und von 100 mm bis 500 mm in verschiedenen Farben,\nQualit\u00e4ten und Verpackungen hergestellt.<\/p>\n<p style=\"color: #000000;\">Etwa 50% unserer Produktion bestehen aus vorgestreckten Stretchfolien in transparent oder schwarz\n. Nach Ansicht von Experten ist diese Technologie derzeit die wirtschaftlichste\nArt der Ladungssicherung!\nInnerhalb dieser Produktgruppe bieten wir eine Reihe von Alternativen an:\n&#8211; Wir fertigen manuell vorgestreckte Folien, zum Beispiel mit oder ohne Rollen.\n&#8211; Wir fertigen auch maschinell vorgestreckte Folien in kundenspezifischen Verpackungen bis zu einer\nDicke von 6-9 my .\n&#8211; Wir sind innerhalb der Gruppe ISO- und BRC-zertifiziert, sodass einige unserer Produkte\nf\u00fcr die direkte Verpackung von Lebensmitteln geeignet sind.<\/p>\n<p style=\"color: #000000;\">Weitere Schl\u00fcsselprodukte sind PE-Flach- und Schrumpffolien, Schl\u00e4uche, Beutel, Beutel,\nS\u00e4cke, Unterlegscheiben und Abdeckungen .\nWir \u00fcbernehmen die Produktion von Folienb\u00f6gen nach Bedarf, auf B\u00f6gen oder auch ohne Rollen.\nDar\u00fcber hinaus unterst\u00fctzen\nwir Sie bei der Konzeption und Beschaffung von PO-Folien, Kleb- und Klebeb\u00e4ndern, Luftpolsterfolien, Stretch-Wickelmaschinen oder auch kompletten Verpackungslinien\n.<\/p>\n\n<\/div>\t\t\t\t\t<\/div>\n\t\t\t\t\t\t<\/div>\n\t\t\t\t<\/div>\n\t\t\t\t\t\t<\/div>\n\t\t\t\t\t<\/div>\n\t\t<\/div>\n\t\t\t\t\t\t\t\t<\/div>\n\t\t\t\t\t<\/div>\n\t\t<\/section>\n\t\t\t\t<div class=\"elementor-element elementor-element-4890c68 elementor-widget elementor-widget-shortcode\" data-id=\"4890c68\" data-element_type=\"widget\" data-widget_type=\"shortcode.default\">\n\t\t\t\t<div class=\"elementor-widget-container\">\n\t\t\t\t\t<div class=\"elementor-shortcode\"><script>\n\t\t\t\tfunction getCookie(cname)\n\t\t\t\t{\n\t\t\t\t  var name = cname + \"=\";\n\t\t\t\t  var decodedCookie = decodeURIComponent(document.cookie);\n\t\t\t\t  var ca = decodedCookie.split(';');\n\t\t\t\t  for(var i = 0; i <ca.length; i++) {\n\t\t\t\t\tvar c = ca[i];\n\t\t\t\t\twhile (c.charAt(0) == ' ') {\n\t\t\t\t\t  c = c.substring(1);\n\t\t\t\t\t}\n\t\t\t\t\tif (c.indexOf(name) == 0) {\n\t\t\t\t\t  return c.substring(name.length, c.length);\n\t\t\t\t\t}\n\t\t\t\t  }\n\t\t\t\t  return \"\";\n\t\t\t\t}\n\t\t\t\t\n\t\t\t\tfunction rp_setCookie(cname, cvalue, exdays)\n\t\t\t\t{\n\t\t\t\t  var d = new Date();\n\t\t\t\t  d.setTime(d.getTime() + (exdays*24*60*60*1000));\n\t\t\t\t  var expires = 'expires='+ d.toUTCString();\n\t\t\t\t  document.cookie = cname + '=' + cvalue + ';' + expires + ';path=\/';\n\t\t\t\t}\n\t\n\t\t\t\tvar rp_nyelv = getCookie(\"qtrans_front_language\");\n\t\t\t\t\n\t\t\t\tvar hu_flag = '\/wp-content\/plugins\/qtranslate-x\/flags\/hu.png';\n\t\t\t\tvar gb_flag = '\/wp-content\/plugins\/qtranslate-x\/flags\/gb.png';\n\t\t\t\tvar de_flag = '\/wp-content\/plugins\/qtranslate-x\/flags\/de.png';\n\t\t\t\t\n\t\t\t\tvar rp_lng0 = '';\n\t\t\t\tvar rp_lng1 = '';\n\t\t\t\tvar rp_lng2 = '';\n\t\t\t\tvar rp_lng3 = '';\n\t\t\t\t\n\t\t\t\tif(rp_nyelv == \"\" || rp_nyelv == \"hu\")\n\t\t\t\t{\n\t\t\t\t\trp_lng0 = 'Nyelv';\n\t\t\t\t\trp_lng1 = 'Magyar';\n\t\t\t\t\trp_lng2 = 'Angol';\n\t\t\t\t\trp_lng3 = 'N\u00e9met';\n\t\t\t\t\trp_nyelv = hu_flag;\n\t\t\t\t}\n\t\t\t\telse if(rp_nyelv == \"en\")\n\t\t\t\t{\n\t\t\t\t\trp_lng0 = 'Language';\n\t\t\t\t\trp_lng1 = 'Hungarian';\n\t\t\t\t\trp_lng2 = 'English';\n\t\t\t\t\trp_lng3 = 'German';\n\t\t\t\t\trp_nyelv = gb_flag;\n\t\t\t\t}\n\t\t\t\telse if(rp_nyelv == \"de\")\n\t\t\t\t{\n\t\t\t\t\trp_lng0 = 'Sprache';\n\t\t\t\t\trp_lng1 = 'Ungarisch';\n\t\t\t\t\trp_lng2 = 'Englisch';\n\t\t\t\t\trp_lng3 = 'Deutsch';\n\t\t\t\t\trp_nyelv = de_flag;\n\t\t\t\t}\t\t\t\t\n\t\t\t\t\n\t\t\t\tvar lngs = document.getElementsByClassName('rollpack-nyelv');\n\t\t\t\t\n\t\t\t\tfor(let element of lngs)\n\t\t\t\t{\n\t\t\t\t\tvar anchors = element.getElementsByTagName('a');\n\t\t\t\t\t\n\t\t\t\t\tanchors[0].href = '\/';\n\t\t\t\t\tanchors[1].href = '\/hu';\n\t\t\t\t\tanchors[2].href = '\/en';\n\t\t\t\t\tanchors[3].href = '\/de';\n\t\t\t\t\t\n\t\t\t\t\tanchors[0].innerHTML = rp_lng0 + ' <img src=\"' + rp_nyelv + '\">';\n\t\t\t\t\tanchors[1].innerHTML = rp_lng1 + ' <img src=\"' + hu_flag + '\">';\n\t\t\t\t\tanchors[2].innerHTML = rp_lng2 + ' <img src=\"' + gb_flag + '\">';\n\t\t\t\t\tanchors[3].innerHTML = rp_lng3 + ' <img src=\"' + de_flag + '\">';\n\t\t\t\t\t\n\t\t\t\t\tanchors[1].onclick = function(){rp_setCookie('qtrans_front_language', 'hu', 365)};\n\t\t\t\t\tanchors[2].onclick = function(){rp_setCookie('qtrans_front_language', 'en', 365)};\n\t\t\t\t\tanchors[3].onclick = function(){rp_setCookie('qtrans_front_language', 'de', 365)};\n\t\t\t\t}\n\t\t\t\t\n\t\t  <\/script>\n\t\t  <link rel='stylesheet' href='https:\/\/stackpath.bootstrapcdn.com\/bootstrap\/4.3.1\/css\/bootstrap.min.css' integrity='sha384-ggOyR0iXCbMQv3Xipma34MD+dH\/1fQ784\/j6cY\/iJTQUOhcWr7x9JvoRxT2MZw1T' crossorigin='anonymous'>\n\t\t  <style>.elementor-element-f0e4780 .elementor-column-wrap{background-color: #f5fafd !important;}<\/style><script>document.getElementsByClassName('header')[0].style = 'background-image: url(\/wp-content\/uploads\/2019\/10\/slide-0003.jpg);background-attachment:scroll;background-size:contain;background-color:black;';<\/script>\n\t\t<script>\n\t\t\twindow.onload = function(){\n\t\t\t\ton_body_resize();\n\t\t\t\tdocument.getElementsByTagName('body')[0].onresize = on_body_resize;\n\t\t\t}\n\n\t\t\tfunction on_body_resize()\n\t\t\t{\n\t\t\t\tvar new_width = document.getElementById('page-content').offsetWidth;\n\t\t\t\tdocument.getElementsByClassName('elementor-element-495ebe6')[0].style.width = new_width + 'px';\n\t\t\t}\n\t\t\n\t\t<\/script>\n\t\n\t<\/div>\n\t\t\t\t<\/div>\n\t\t\t\t<\/div>\n\t\t\t\t\t\t<\/div>\n\t\t\t\t\t<\/div>\n\t\t<\/div>\n\t\t\t\t\t\t\t\t<\/div>\n\t\t\t\t\t<\/div>\n\t\t<\/section>\n\t\t\t\t<section class=\"elementor-section elementor-top-section elementor-element elementor-element-495ebe6 elementor-section-full_width elementor-section-stretched rollpack-footer-bg elementor-section-height-default elementor-section-height-default\" data-id=\"495ebe6\" data-element_type=\"section\" data-settings=\"{&quot;background_background&quot;:&quot;classic&quot;,&quot;stretch_section&quot;:&quot;section-stretched&quot;}\">\n\t\t\t\t\t\t<div class=\"elementor-container elementor-column-gap-default\">\n\t\t\t\t\t\t\t<div class=\"elementor-row\">\n\t\t\t\t\t<div class=\"elementor-column elementor-col-100 elementor-top-column elementor-element elementor-element-f0e4780\" data-id=\"f0e4780\" data-element_type=\"column\" data-settings=\"{&quot;background_background&quot;:&quot;classic&quot;}\">\n\t\t\t<div class=\"elementor-column-wrap elementor-element-populated\">\n\t\t\t\t\t\t\t<div class=\"elementor-widget-wrap\">\n\t\t\t\t\t\t<div class=\"elementor-element elementor-element-3f63a90 elementor-widget elementor-widget-spacer\" data-id=\"3f63a90\" data-element_type=\"widget\" data-widget_type=\"spacer.default\">\n\t\t\t\t<div class=\"elementor-widget-container\">\n\t\t\t\t\t<div class=\"elementor-spacer\">\n\t\t\t<div class=\"elementor-spacer-inner\"><\/div>\n\t\t<\/div>\n\t\t\t\t<\/div>\n\t\t\t\t<\/div>\n\t\t\t\t<section class=\"elementor-section elementor-inner-section elementor-element elementor-element-04f66d9 elementor-section-boxed elementor-section-height-default elementor-section-height-default\" data-id=\"04f66d9\" data-element_type=\"section\">\n\t\t\t\t\t\t<div class=\"elementor-container elementor-column-gap-default\">\n\t\t\t\t\t\t\t<div class=\"elementor-row\">\n\t\t\t\t\t<div class=\"elementor-column elementor-col-33 elementor-inner-column elementor-element elementor-element-3783281 rollpack_footer_bal\" data-id=\"3783281\" data-element_type=\"column\">\n\t\t\t<div class=\"elementor-column-wrap elementor-element-populated\">\n\t\t\t\t\t\t\t<div class=\"elementor-widget-wrap\">\n\t\t\t\t\t\t<div class=\"elementor-element elementor-element-9254dd4 footer-rollpack-logo elementor-widget elementor-widget-image\" data-id=\"9254dd4\" data-element_type=\"widget\" data-widget_type=\"image.default\">\n\t\t\t\t<div class=\"elementor-widget-container\">\n\t\t\t\t\t\t\t\t<div class=\"elementor-image\">\n\t\t\t\t\t\t\t\t\t\t\t\t<img width=\"300\" height=\"77\" src=\"https:\/\/rollpack.hu\/wp-content\/uploads\/2020\/02\/roll_pack_2019_logo-1-300x77.png\" class=\"attachment-medium size-medium\" alt=\"\" loading=\"lazy\" srcset=\"https:\/\/rollpack.hu\/wp-content\/uploads\/2020\/02\/roll_pack_2019_logo-1-300x77.png 300w, https:\/\/rollpack.hu\/wp-content\/uploads\/2020\/02\/roll_pack_2019_logo-1-1024x263.png 1024w, https:\/\/rollpack.hu\/wp-content\/uploads\/2020\/02\/roll_pack_2019_logo-1-768x197.png 768w, https:\/\/rollpack.hu\/wp-content\/uploads\/2020\/02\/roll_pack_2019_logo-1-1536x394.png 1536w, https:\/\/rollpack.hu\/wp-content\/uploads\/2020\/02\/roll_pack_2019_logo-1-2048x525.png 2048w, https:\/\/rollpack.hu\/wp-content\/uploads\/2020\/02\/roll_pack_2019_logo-1-1920x492.png 1920w\" sizes=\"(max-width: 300px) 100vw, 300px\" \/>\t\t\t\t\t\t\t\t\t\t\t\t\t\t<\/div>\n\t\t\t\t\t\t<\/div>\n\t\t\t\t<\/div>\n\t\t\t\t<div class=\"elementor-element elementor-element-07d3694 elementor-widget elementor-widget-html\" data-id=\"07d3694\" data-element_type=\"widget\" data-widget_type=\"html.default\">\n\t\t\t\t<div class=\"elementor-widget-container\">\n\t\t\t<h5 class=\"rollpack_footer_left\" style=\"text-align:right;color:#3C424F;\">Keresked\u0151h\u00e1z Kft.<\/h5>\t\t<\/div>\n\t\t\t\t<\/div>\n\t\t\t\t<div class=\"elementor-element elementor-element-3eb22d5 rollpack-footer-image elementor-widget elementor-widget-image\" data-id=\"3eb22d5\" data-element_type=\"widget\" data-widget_type=\"image.default\">\n\t\t\t\t<div class=\"elementor-widget-container\">\n\t\t\t\t\t\t\t\t<div class=\"elementor-image\">\n\t\t\t\t\t\t\t\t\t\t\t\t<img width=\"300\" height=\"85\" src=\"https:\/\/rollpack.hu\/wp-content\/uploads\/2020\/01\/iso-300x85.png\" class=\"attachment-medium size-medium\" alt=\"\" loading=\"lazy\" srcset=\"https:\/\/rollpack.hu\/wp-content\/uploads\/2020\/01\/iso-300x85.png 300w, https:\/\/rollpack.hu\/wp-content\/uploads\/2020\/01\/iso.png 429w\" sizes=\"(max-width: 300px) 100vw, 300px\" \/>\t\t\t\t\t\t\t\t\t\t\t\t\t\t<\/div>\n\t\t\t\t\t\t<\/div>\n\t\t\t\t<\/div>\n\t\t\t\t\t\t<\/div>\n\t\t\t\t\t<\/div>\n\t\t<\/div>\n\t\t\t\t<div class=\"elementor-column elementor-col-66 elementor-inner-column elementor-element elementor-element-b76feb1 rollpack_footer_jobb\" data-id=\"b76feb1\" data-element_type=\"column\">\n\t\t\t<div class=\"elementor-column-wrap elementor-element-populated\">\n\t\t\t\t\t\t\t<div class=\"elementor-widget-wrap\">\n\t\t\t\t\t\t<div class=\"elementor-element elementor-element-408f3d9 rollpack_footer_right elementor-widget elementor-widget-html\" data-id=\"408f3d9\" data-element_type=\"widget\" data-widget_type=\"html.default\">\n\t\t\t\t<div class=\"elementor-widget-container\">\n\t\t\t<div style=\"color:#3C424F\"><p class=\"rollpack_footer_right\"><span>B\u00fcro \/ Standort: <\/span>6230, Soltvadkert, Szenth\u00e1roms\u00e1g u. 100.<\/p>\r\n<p class=\"rollpack_footer_right\"><span>Hauptsitz: <\/span>2040, Buda\u00f6rs, \u00c9bner Gy\u00f6rgy k\u00f6z 4.<\/p><p class=\"rollpack_footer_right\"><span>Steuernummer:<\/span>  26112493-2-13<\/p><p class=\"rollpack_footer_right\"><span>Registernummer:<\/span>  13 09 188881<\/p>\r\n<p class=\"rollpack_footer_right\"><span>E-mail: <\/span>info@rollpack.hu<\/p>\r\n<p class=\"rollpack_footer_right\"><span>Telefon: <\/span>+36\/78-480-238<\/p><\/div>\t\t<\/div>\n\t\t\t\t<\/div>\n\t\t\t\t\t\t<\/div>\n\t\t\t\t\t<\/div>\n\t\t<\/div>\n\t\t\t\t\t\t\t\t<\/div>\n\t\t\t\t\t<\/div>\n\t\t<\/section>\n\t\t\t\t<div class=\"elementor-element elementor-element-155b1dc elementor-widget elementor-widget-spacer\" data-id=\"155b1dc\" data-element_type=\"widget\" data-widget_type=\"spacer.default\">\n\t\t\t\t<div class=\"elementor-widget-container\">\n\t\t\t\t\t<div class=\"elementor-spacer\">\n\t\t\t<div class=\"elementor-spacer-inner\"><\/div>\n\t\t<\/div>\n\t\t\t\t<\/div>\n\t\t\t\t<\/div>\n\t\t\t\t<div class=\"elementor-element elementor-element-1dca889 elementor-widget elementor-widget-google_maps\" data-id=\"1dca889\" data-element_type=\"widget\" data-widget_type=\"google_maps.default\">\n\t\t\t\t<div class=\"elementor-widget-container\">\n\t\t\t\t\t<div class=\"elementor-custom-embed\">\n\t\t\t<iframe frameborder=\"0\" scrolling=\"no\" marginheight=\"0\" marginwidth=\"0\"\n\t\t\t\t\tsrc=\"https:\/\/maps.google.com\/maps?q=6230%2C%20Soltvadkert%2C%20Szenth%C3%A1roms%C3%A1g%20u.%20100.&#038;t=m&#038;z=10&#038;output=embed&#038;iwloc=near\"\n\t\t\t\t\ttitle=\"6230, Soltvadkert, Szenth\u00e1roms\u00e1g u. 100.\"\n\t\t\t\t\taria-label=\"6230, Soltvadkert, Szenth\u00e1roms\u00e1g u. 100.\"\n\t\t\t><\/iframe>\n\t\t<\/div>\n\t\t\t\t<\/div>\n\t\t\t\t<\/div>\n\t\t\t\t\t\t<\/div>\n\t\t\t\t\t<\/div>\n\t\t<\/div>\n\t\t\t\t\t\t\t\t<\/div>\n\t\t\t\t\t<\/div>\n\t\t<\/section>\n\t\t\t\t\t\t<\/div>\n\t\t\t\t\t\t<\/div>\n\t\t\t\t\t<\/div>\n\t\t","protected":false},"excerpt":{"rendered":"<p>\u00a0\u00dcber Ein Lagerhaus f\u00fcr flexible L\u00f6sungen In den letzten 25 Jahren hat sich ROLL-PACK Trading House Ltd. zum f\u00fchrenden ungarischen Hersteller von Kunststoffverpackungsmaterialien und Ladungssicherungsfolien entwickelt . In unserem Werk in Soltvadkert werden derzeit auf 7 Maschinen 7 verschiedene Arten von Stretchfolien hergestellt. Die Kapazit\u00e4t unserer Streck- und Umwickelmaschinen betr\u00e4gt 5000 Tonnen pro Jahr. 70%&hellip; <br \/> <a class=\"read-more\" href=\"https:\/\/rollpack.hu\/de\/rolunk\/\">Weiterlesen<\/a><\/p>\n","protected":false},"author":1,"featured_media":0,"parent":0,"menu_order":0,"comment_status":"closed","ping_status":"closed","template":"","meta":[],"_links":{"self":[{"href":"https:\/\/rollpack.hu\/de\/wp-json\/wp\/v2\/pages\/353"}],"collection":[{"href":"https:\/\/rollpack.hu\/de\/wp-json\/wp\/v2\/pages"}],"about":[{"href":"https:\/\/rollpack.hu\/de\/wp-json\/wp\/v2\/types\/page"}],"author":[{"embeddable":true,"href":"https:\/\/rollpack.hu\/de\/wp-json\/wp\/v2\/users\/1"}],"replies":[{"embeddable":true,"href":"https:\/\/rollpack.hu\/de\/wp-json\/wp\/v2\/comments?post=353"}],"version-history":[{"count":16,"href":"https:\/\/rollpack.hu\/de\/wp-json\/wp\/v2\/pages\/353\/revisions"}],"predecessor-version":[{"id":961,"href":"https:\/\/rollpack.hu\/de\/wp-json\/wp\/v2\/pages\/353\/revisions\/961"}],"wp:attachment":[{"href":"https:\/\/rollpack.hu\/de\/wp-json\/wp\/v2\/media?parent=353"}],"curies":[{"name":"wp","href":"https:\/\/api.w.org\/{rel}","templated":true}]}}