{"id":361,"date":"2019-09-06T12:33:11","date_gmt":"2019-09-06T11:33:11","guid":{"rendered":"https:\/\/rollpack.hu\/?page_id=361"},"modified":"2024-07-22T14:11:36","modified_gmt":"2024-07-22T13:11:36","slug":"kapcsolat","status":"publish","type":"page","link":"https:\/\/rollpack.hu\/de\/kapcsolat\/","title":{"rendered":"Beziehung"},"content":{"rendered":"<div data-elementor-type=\"wp-post\" data-elementor-id=\"361\" class=\"elementor elementor-361\" data-elementor-settings=\"[]\">\n\t\t\t\t\t\t<div class=\"elementor-inner\">\n\t\t\t\t\t\t\t<div class=\"elementor-section-wrap\">\n\t\t\t\t\t\t\t<section class=\"elementor-section elementor-top-section elementor-element elementor-element-0e2c014 elementor-section-stretched elementor-section-boxed elementor-section-height-default elementor-section-height-default\" data-id=\"0e2c014\" data-element_type=\"section\" data-settings=\"{&quot;stretch_section&quot;:&quot;section-stretched&quot;,&quot;background_background&quot;:&quot;classic&quot;}\">\n\t\t\t\t\t\t<div class=\"elementor-container elementor-column-gap-default\">\n\t\t\t\t\t\t\t<div class=\"elementor-row\">\n\t\t\t\t\t<div class=\"elementor-column elementor-col-100 elementor-top-column elementor-element elementor-element-4f1d29e\" data-id=\"4f1d29e\" data-element_type=\"column\">\n\t\t\t<div class=\"elementor-column-wrap\">\n\t\t\t\t\t\t\t<div class=\"elementor-widget-wrap\">\n\t\t\t\t\t\t\t\t<\/div>\n\t\t\t\t\t<\/div>\n\t\t<\/div>\n\t\t\t\t\t\t\t\t<\/div>\n\t\t\t\t\t<\/div>\n\t\t<\/section>\n\t\t\t\t<section class=\"elementor-section elementor-top-section elementor-element elementor-element-ca79727 elementor-section-full_width elementor-section-stretched rollpack-footer-bg elementor-section-height-default elementor-section-height-default\" data-id=\"ca79727\" data-element_type=\"section\" data-settings=\"{&quot;background_background&quot;:&quot;classic&quot;,&quot;stretch_section&quot;:&quot;section-stretched&quot;}\">\n\t\t\t\t\t\t<div class=\"elementor-container elementor-column-gap-default\">\n\t\t\t\t\t\t\t<div class=\"elementor-row\">\n\t\t\t\t\t<div class=\"elementor-column elementor-col-100 elementor-top-column elementor-element elementor-element-cf8ad8e\" data-id=\"cf8ad8e\" data-element_type=\"column\" data-settings=\"{&quot;background_background&quot;:&quot;classic&quot;}\">\n\t\t\t<div class=\"elementor-column-wrap elementor-element-populated\">\n\t\t\t\t\t\t\t<div class=\"elementor-widget-wrap\">\n\t\t\t\t\t\t<div class=\"elementor-element elementor-element-ed88cfd elementor-widget elementor-widget-spacer\" data-id=\"ed88cfd\" data-element_type=\"widget\" data-widget_type=\"spacer.default\">\n\t\t\t\t<div class=\"elementor-widget-container\">\n\t\t\t\t\t<div class=\"elementor-spacer\">\n\t\t\t<div class=\"elementor-spacer-inner\"><\/div>\n\t\t<\/div>\n\t\t\t\t<\/div>\n\t\t\t\t<\/div>\n\t\t\t\t<section class=\"elementor-section elementor-inner-section elementor-element elementor-element-f7c103a elementor-section-boxed elementor-section-height-default elementor-section-height-default\" data-id=\"f7c103a\" data-element_type=\"section\">\n\t\t\t\t\t\t<div class=\"elementor-container elementor-column-gap-default\">\n\t\t\t\t\t\t\t<div class=\"elementor-row\">\n\t\t\t\t\t<div class=\"elementor-column elementor-col-33 elementor-inner-column elementor-element elementor-element-ce3b9ba rollpack_footer_bal\" data-id=\"ce3b9ba\" data-element_type=\"column\">\n\t\t\t<div class=\"elementor-column-wrap elementor-element-populated\">\n\t\t\t\t\t\t\t<div class=\"elementor-widget-wrap\">\n\t\t\t\t\t\t<div class=\"elementor-element elementor-element-e2dfdbb footer-rollpack-logo elementor-widget elementor-widget-image\" data-id=\"e2dfdbb\" data-element_type=\"widget\" data-widget_type=\"image.default\">\n\t\t\t\t<div class=\"elementor-widget-container\">\n\t\t\t\t\t\t\t\t<div class=\"elementor-image\">\n\t\t\t\t\t\t\t\t\t\t\t\t<img width=\"300\" height=\"77\" src=\"https:\/\/rollpack.hu\/wp-content\/uploads\/2020\/01\/roll_pack_2019_logo-1-300x77.png\" class=\"attachment-medium size-medium\" alt=\"\" loading=\"lazy\" srcset=\"https:\/\/rollpack.hu\/wp-content\/uploads\/2020\/01\/roll_pack_2019_logo-1-300x77.png 300w, https:\/\/rollpack.hu\/wp-content\/uploads\/2020\/01\/roll_pack_2019_logo-1-1024x263.png 1024w, https:\/\/rollpack.hu\/wp-content\/uploads\/2020\/01\/roll_pack_2019_logo-1-768x197.png 768w, https:\/\/rollpack.hu\/wp-content\/uploads\/2020\/01\/roll_pack_2019_logo-1-1536x394.png 1536w, https:\/\/rollpack.hu\/wp-content\/uploads\/2020\/01\/roll_pack_2019_logo-1-2048x525.png 2048w, https:\/\/rollpack.hu\/wp-content\/uploads\/2020\/01\/roll_pack_2019_logo-1-1920x492.png 1920w\" sizes=\"(max-width: 300px) 100vw, 300px\" \/>\t\t\t\t\t\t\t\t\t\t\t\t\t\t<\/div>\n\t\t\t\t\t\t<\/div>\n\t\t\t\t<\/div>\n\t\t\t\t<div class=\"elementor-element elementor-element-e3737d9 elementor-widget elementor-widget-html\" data-id=\"e3737d9\" data-element_type=\"widget\" data-widget_type=\"html.default\">\n\t\t\t\t<div class=\"elementor-widget-container\">\n\t\t\t<h5 class=\"rollpack_footer_left\" style=\"text-align:right;color:#3C424F;\">Keresked\u0151h\u00e1z Kft.<\/h5>\t\t<\/div>\n\t\t\t\t<\/div>\n\t\t\t\t<div class=\"elementor-element elementor-element-1ebd4c3 rollpack-footer-image elementor-widget elementor-widget-image\" data-id=\"1ebd4c3\" data-element_type=\"widget\" data-widget_type=\"image.default\">\n\t\t\t\t<div class=\"elementor-widget-container\">\n\t\t\t\t\t\t\t\t<div class=\"elementor-image\">\n\t\t\t\t\t\t\t\t\t\t\t\t<img width=\"300\" height=\"85\" src=\"https:\/\/rollpack.hu\/wp-content\/uploads\/2020\/01\/iso-300x85.png\" class=\"attachment-medium size-medium\" alt=\"\" loading=\"lazy\" srcset=\"https:\/\/rollpack.hu\/wp-content\/uploads\/2020\/01\/iso-300x85.png 300w, https:\/\/rollpack.hu\/wp-content\/uploads\/2020\/01\/iso.png 429w\" sizes=\"(max-width: 300px) 100vw, 300px\" \/>\t\t\t\t\t\t\t\t\t\t\t\t\t\t<\/div>\n\t\t\t\t\t\t<\/div>\n\t\t\t\t<\/div>\n\t\t\t\t\t\t<\/div>\n\t\t\t\t\t<\/div>\n\t\t<\/div>\n\t\t\t\t<div class=\"elementor-column elementor-col-66 elementor-inner-column elementor-element elementor-element-372af79 rollpack_footer_jobb\" data-id=\"372af79\" data-element_type=\"column\">\n\t\t\t<div class=\"elementor-column-wrap elementor-element-populated\">\n\t\t\t\t\t\t\t<div class=\"elementor-widget-wrap\">\n\t\t\t\t\t\t<div class=\"elementor-element elementor-element-4e0778c rollpack_footer_right elementor-widget elementor-widget-html\" data-id=\"4e0778c\" data-element_type=\"widget\" data-widget_type=\"html.default\">\n\t\t\t\t<div class=\"elementor-widget-container\">\n\t\t\t<div style=\"color:#3C424F\"><p class=\"rollpack_footer_right\"><span>B\u00fcro \/ Standort: <\/span>6230, Soltvadkert, Szenth\u00e1roms\u00e1g u. 100.<\/p>\r\n<p class=\"rollpack_footer_right\"><span>Hauptsitz: <\/span>6230, Soltvadkert, Szenth\u00e1roms\u00e1g u.100.<\/p><p class=\"rollpack_footer_right\"><span>Steuernummer:<\/span>  26112493-2-03<\/p><p class=\"rollpack_footer_right\"><span>Registernummer:<\/span>  03-09-136950<\/p>\r\n<p class=\"rollpack_footer_right\"><span>E-mail: <\/span>info@rollpack.hu<\/p>\r\n<p class=\"rollpack_footer_right\"><span>Telefon: <\/span>+36\/78-480-238<\/p><\/div>\t\t<\/div>\n\t\t\t\t<\/div>\n\t\t\t\t\t\t<\/div>\n\t\t\t\t\t<\/div>\n\t\t<\/div>\n\t\t\t\t\t\t\t\t<\/div>\n\t\t\t\t\t<\/div>\n\t\t<\/section>\n\t\t\t\t<div class=\"elementor-element elementor-element-5757045 elementor-widget elementor-widget-spacer\" data-id=\"5757045\" data-element_type=\"widget\" data-widget_type=\"spacer.default\">\n\t\t\t\t<div class=\"elementor-widget-container\">\n\t\t\t\t\t<div class=\"elementor-spacer\">\n\t\t\t<div class=\"elementor-spacer-inner\"><\/div>\n\t\t<\/div>\n\t\t\t\t<\/div>\n\t\t\t\t<\/div>\n\t\t\t\t<div class=\"elementor-element elementor-element-9c68bb0 elementor-widget elementor-widget-google_maps\" data-id=\"9c68bb0\" data-element_type=\"widget\" data-widget_type=\"google_maps.default\">\n\t\t\t\t<div class=\"elementor-widget-container\">\n\t\t\t\t\t<div class=\"elementor-custom-embed\">\n\t\t\t<iframe frameborder=\"0\" scrolling=\"no\" marginheight=\"0\" marginwidth=\"0\"\n\t\t\t\t\tsrc=\"https:\/\/maps.google.com\/maps?q=6230%2C%20Soltvadkert%2C%20Szenth%C3%A1roms%C3%A1g%20u.%20100.&#038;t=m&#038;z=10&#038;output=embed&#038;iwloc=near\"\n\t\t\t\t\ttitle=\"6230, Soltvadkert, Szenth\u00e1roms\u00e1g u. 100.\"\n\t\t\t\t\taria-label=\"6230, Soltvadkert, Szenth\u00e1roms\u00e1g u. 100.\"\n\t\t\t><\/iframe>\n\t\t<\/div>\n\t\t\t\t<\/div>\n\t\t\t\t<\/div>\n\t\t\t\t<div class=\"elementor-element elementor-element-8c004fb elementor-widget elementor-widget-shortcode\" data-id=\"8c004fb\" data-element_type=\"widget\" data-widget_type=\"shortcode.default\">\n\t\t\t\t<div class=\"elementor-widget-container\">\n\t\t\t\t\t<div class=\"elementor-shortcode\"><script>\n\t\t\t\tfunction getCookie(cname)\n\t\t\t\t{\n\t\t\t\t  var name = cname + \"=\";\n\t\t\t\t  var decodedCookie = decodeURIComponent(document.cookie);\n\t\t\t\t  var ca = decodedCookie.split(';');\n\t\t\t\t  for(var i = 0; i <ca.length; i++) {\n\t\t\t\t\tvar c = ca[i];\n\t\t\t\t\twhile (c.charAt(0) == ' ') {\n\t\t\t\t\t  c = c.substring(1);\n\t\t\t\t\t}\n\t\t\t\t\tif (c.indexOf(name) == 0) {\n\t\t\t\t\t  return c.substring(name.length, c.length);\n\t\t\t\t\t}\n\t\t\t\t  }\n\t\t\t\t  return \"\";\n\t\t\t\t}\n\t\t\t\t\n\t\t\t\tfunction rp_setCookie(cname, cvalue, exdays)\n\t\t\t\t{\n\t\t\t\t  var d = new Date();\n\t\t\t\t  d.setTime(d.getTime() + (exdays*24*60*60*1000));\n\t\t\t\t  var expires = 'expires='+ d.toUTCString();\n\t\t\t\t  document.cookie = cname + '=' + cvalue + ';' + expires + ';path=\/';\n\t\t\t\t}\n\t\n\t\t\t\tvar rp_nyelv = getCookie(\"qtrans_front_language\");\n\t\t\t\t\n\t\t\t\tvar hu_flag = '\/wp-content\/plugins\/qtranslate-x\/flags\/hu.png';\n\t\t\t\tvar gb_flag = '\/wp-content\/plugins\/qtranslate-x\/flags\/gb.png';\n\t\t\t\tvar de_flag = '\/wp-content\/plugins\/qtranslate-x\/flags\/de.png';\n\t\t\t\t\n\t\t\t\tvar rp_lng0 = '';\n\t\t\t\tvar rp_lng1 = '';\n\t\t\t\tvar rp_lng2 = '';\n\t\t\t\tvar rp_lng3 = '';\n\t\t\t\t\n\t\t\t\tif(rp_nyelv == \"\" || rp_nyelv == \"hu\")\n\t\t\t\t{\n\t\t\t\t\trp_lng0 = 'Nyelv';\n\t\t\t\t\trp_lng1 = 'Magyar';\n\t\t\t\t\trp_lng2 = 'Angol';\n\t\t\t\t\trp_lng3 = 'N\u00e9met';\n\t\t\t\t\trp_nyelv = hu_flag;\n\t\t\t\t}\n\t\t\t\telse if(rp_nyelv == \"en\")\n\t\t\t\t{\n\t\t\t\t\trp_lng0 = 'Language';\n\t\t\t\t\trp_lng1 = 'Hungarian';\n\t\t\t\t\trp_lng2 = 'English';\n\t\t\t\t\trp_lng3 = 'German';\n\t\t\t\t\trp_nyelv = gb_flag;\n\t\t\t\t}\n\t\t\t\telse if(rp_nyelv == \"de\")\n\t\t\t\t{\n\t\t\t\t\trp_lng0 = 'Sprache';\n\t\t\t\t\trp_lng1 = 'Ungarisch';\n\t\t\t\t\trp_lng2 = 'Englisch';\n\t\t\t\t\trp_lng3 = 'Deutsch';\n\t\t\t\t\trp_nyelv = de_flag;\n\t\t\t\t}\t\t\t\t\n\t\t\t\t\n\t\t\t\tvar lngs = document.getElementsByClassName('rollpack-nyelv');\n\t\t\t\t\n\t\t\t\tfor(let element of lngs)\n\t\t\t\t{\n\t\t\t\t\tvar anchors = element.getElementsByTagName('a');\n\t\t\t\t\t\n\t\t\t\t\tanchors[0].href = '\/';\n\t\t\t\t\tanchors[1].href = '\/hu';\n\t\t\t\t\tanchors[2].href = '\/en';\n\t\t\t\t\tanchors[3].href = '\/de';\n\t\t\t\t\t\n\t\t\t\t\tanchors[0].innerHTML = rp_lng0 + ' <img src=\"' + rp_nyelv + '\">';\n\t\t\t\t\tanchors[1].innerHTML = rp_lng1 + ' <img src=\"' + hu_flag + '\">';\n\t\t\t\t\tanchors[2].innerHTML = rp_lng2 + ' <img src=\"' + gb_flag + '\">';\n\t\t\t\t\tanchors[3].innerHTML = rp_lng3 + ' <img src=\"' + de_flag + '\">';\n\t\t\t\t\t\n\t\t\t\t\tanchors[1].onclick = function(){rp_setCookie('qtrans_front_language', 'hu', 365)};\n\t\t\t\t\tanchors[2].onclick = function(){rp_setCookie('qtrans_front_language', 'en', 365)};\n\t\t\t\t\tanchors[3].onclick = function(){rp_setCookie('qtrans_front_language', 'de', 365)};\n\t\t\t\t}\n\t\t\t\t\n\t\t  <\/script>\n\t\t  <link rel='stylesheet' href='https:\/\/stackpath.bootstrapcdn.com\/bootstrap\/4.3.1\/css\/bootstrap.min.css' integrity='sha384-ggOyR0iXCbMQv3Xipma34MD+dH\/1fQ784\/j6cY\/iJTQUOhcWr7x9JvoRxT2MZw1T' crossorigin='anonymous'>\n\t\t  \n\t\t\t<script>\n\t\t\t\tdocument.getElementsByClassName('header')[0].style = 'background-image: url(\/wp-content\/uploads\/2019\/09\/banner-contact-us.jpg);';\n\t\t\n\t\t\t\tdocument.getElementsByClassName('header-subtitle')[0].innerHTML = '<br><div class=\"container\"><div class=\"row\"><div class=\"col-md-4 text-center\"><img src=\"\/wp-content\/uploads\/2019\/09\/mobil.png\"><br><br><p>+36-70-466-3006<\/p><\/div><div class=\"col-md-4 text-center\"><img src=\"\/wp-content\/uploads\/2019\/09\/tel.png\"><br><br><p>+36-78-480-238<\/p><\/div><div class=\"col-md-4 text-center\"><img src=\"\/wp-content\/uploads\/2019\/09\/email.png\"><br><br><p>monostori.tamas@rollpack.hu<\/p><\/div><\/div><\/div>';\n\t\t\t\t\n\t\t\t\tdocument.getElementsByClassName('main-menu')[0].style = 'border:0px';\n\t\t\t<\/script>\n\t\t\t\n\t\t\t<div style='height:50px;'><\/div>\n\t\t\t\n\t\t\t<style>\n\t\t\t\t@media only screen and (max-width:760px){.kapcsolat-kereskedelem{margin-top: 36px;}}\n\t\t\t\t@media only screen and (min-width:761px){.kapcsolat-kereskedelem{margin-top: -20px;}}\n\t\t\t<\/style>\n\t\t\t\n\t\t\t<div class='container' style='color:#3C424F !important;'>\n\t\t\t\t<div class='row'>\n\t\t\t\t\t<h2 class='kapcsolat-kereskedelem' style='text-align:center;margin-bottom: 46px;font-size: 38px;'>Handel<\/h2>\n\t\t\t\t\t<div class='col-md-4 text-center'>\t\t\t\t\t\t\n\t\t\t\t\t\t<h4>West-Ungarn<\/h4>\n\t\t\t\t\t\t<br>\n\n\t\t\t\t\t\t<b>Monostori Tam\u00e1s<\/b>\n\t\t\t\t\t\t<p>Kaufm\u00e4nnischer Leiter<\/p>\n\n\t\t\t\t\t\t<br>\n\t\t\t\t\t\tMobil: +36-70-466-3006\n\t\t\t\t\t\t<p>E-mail: <a href='mailto:monostori.tamas@rollpack.hu'>monostori.tamas@rollpack.hu<\/a><\/p>\n\t\t\t\t\t\t<br>\t\t\t\t\t\t\n\t\t\t\t\t<\/div>\n\t\t\t\t\t<div class='col-md-4 text-center'>\t\t\t\t\t\n\t\t\t\t\t\t<h4>Ostungarn<\/h4>\n\t\t\t\t\t\t<br>\n\n\t\t\t\t\t\t<b>Teleki Zsolt<\/b>\n\t\t\t\t\t\t<p>Leitender Verk\u00e4ufer<\/p>\n\t\t\t\t\t\t<br>\n\t\t\t\t\t\tMobil: +36-30-830-4854\n\n\t\t\t\t\t\t<p>E-mail: <a href='mailto:teleki.zsolt@rollpack.hu'>teleki.zsolt@rollpack.hu<\/a><\/p>\n\t\t\t\t\t\t<br>\n\t\t\t\t\t\t\n\t\t\t\t\t\t<br>\n\t\t\t\t\t\t<h4 style='margin-bottom:-5px;'>B\u00fcro<\/h4>\n\t\t\t\t\t\t<br>\n\t\t\t\t\t\t<b>Husz\u00e1r \u00c9va<\/b>\n\t\t\t\t\t\t<p>Kaufm\u00e4nnischer und logistischer Angestellter<\/p>\n\t\t\t\t\t\t<br>\n\t\t\t\t\t\tMobil: +36\/20-572-4325\n\t\t\t\t\t\t<p>Telefon: +36-78-480-238<\/p>\n\n\t\t\t\t\t\t<p>E-mail: <a href='mailto:info@rollpack.hu'>info@rollpack.hu<\/a><\/p>\n\t\t\t\t\t\t<br>\t\t\t\t\t\n\t\t\t\t\t<\/div>\n\t\t\t\t\t<div class='col-md-4 text-center'>\n\t\t\t\t\t\t<h4>Export<\/h4>\n\t\t\t\t\t\t<br>\n\n\t\t\t\t\t\t<b>Balogh Patrik<\/b>\n\t\t\t\t\t\t<br>\n\t\t\t\t\t\tExportverk\u00e4ufe\n\t\t\t\t\t\t<br><br>\n\n\t\t\t\t\t\t<br>\n\t\t\t\t\t\tMobil: +36-70-439-8770\n\t\t\t\t\t\t<p>E-mail: <a href='mailto:balogh.patrik@rollpack.hu'>balogh.patrik@rollpack.hu<\/a><\/p>\n\t\t\t\t\t\t<br>\t\t\t\t\t\n\t\t\t\t\t<\/div>\n\t\t\t\t<\/div>\n\t\t\t<\/div>\n\t<\/div>\n\t\t\t\t<\/div>\n\t\t\t\t<\/div>\n\t\t\t\t\t\t<\/div>\n\t\t\t\t\t<\/div>\n\t\t<\/div>\n\t\t\t\t\t\t\t\t<\/div>\n\t\t\t\t\t<\/div>\n\t\t<\/section>\n\t\t\t\t\t\t<\/div>\n\t\t\t\t\t\t<\/div>\n\t\t\t\t\t<\/div>","protected":false},"excerpt":{"rendered":"<p>Keresked\u0151h\u00e1z Kft. B\u00fcro \/ Standort: 6230, Soltvadkert, Szenth\u00e1roms\u00e1g u. 100. Hauptsitz: 6230, Soltvadkert, Szenth\u00e1roms\u00e1g u.100. Steuernummer: 26112493-2-03 Registernummer: 03-09-136950 E-mail: info@rollpack.hu Telefon: +36\/78-480-238<\/p>\n","protected":false},"author":1,"featured_media":0,"parent":0,"menu_order":0,"comment_status":"closed","ping_status":"closed","template":"","meta":[],"_links":{"self":[{"href":"https:\/\/rollpack.hu\/de\/wp-json\/wp\/v2\/pages\/361"}],"collection":[{"href":"https:\/\/rollpack.hu\/de\/wp-json\/wp\/v2\/pages"}],"about":[{"href":"https:\/\/rollpack.hu\/de\/wp-json\/wp\/v2\/types\/page"}],"author":[{"embeddable":true,"href":"https:\/\/rollpack.hu\/de\/wp-json\/wp\/v2\/users\/1"}],"replies":[{"embeddable":true,"href":"https:\/\/rollpack.hu\/de\/wp-json\/wp\/v2\/comments?post=361"}],"version-history":[{"count":9,"href":"https:\/\/rollpack.hu\/de\/wp-json\/wp\/v2\/pages\/361\/revisions"}],"predecessor-version":[{"id":991,"href":"https:\/\/rollpack.hu\/de\/wp-json\/wp\/v2\/pages\/361\/revisions\/991"}],"wp:attachment":[{"href":"https:\/\/rollpack.hu\/de\/wp-json\/wp\/v2\/media?parent=361"}],"curies":[{"name":"wp","href":"https:\/\/api.w.org\/{rel}","templated":true}]}}