{"id":363,"date":"2019-09-06T12:33:21","date_gmt":"2019-09-06T11:33:21","guid":{"rendered":"https:\/\/rollpack.hu\/?page_id=363"},"modified":"2020-03-03T20:21:10","modified_gmt":"2020-03-03T19:21:10","slug":"ajanlatkeres","status":"publish","type":"page","link":"https:\/\/rollpack.hu\/de\/ajanlatkeres\/","title":{"rendered":"Fragen Nach"},"content":{"rendered":"<div data-elementor-type=\"wp-post\" data-elementor-id=\"363\" class=\"elementor elementor-363\" data-elementor-settings=\"[]\">\n\t\t\t\t\t\t<div class=\"elementor-inner\">\n\t\t\t\t\t\t\t<div class=\"elementor-section-wrap\">\n\t\t\t\t\t\t\t<section class=\"elementor-section elementor-top-section elementor-element elementor-element-11a97c9 elementor-section-boxed elementor-section-height-default elementor-section-height-default\" data-id=\"11a97c9\" data-element_type=\"section\">\n\t\t\t\t\t\t<div class=\"elementor-container elementor-column-gap-default\">\n\t\t\t\t\t\t\t<div class=\"elementor-row\">\n\t\t\t\t\t<div class=\"elementor-column elementor-col-100 elementor-top-column elementor-element elementor-element-8480f2f\" data-id=\"8480f2f\" data-element_type=\"column\">\n\t\t\t<div class=\"elementor-column-wrap elementor-element-populated\">\n\t\t\t\t\t\t\t<div class=\"elementor-widget-wrap\">\n\t\t\t\t\t\t<div class=\"elementor-element elementor-element-d162fc8 elementor-widget elementor-widget-shortcode\" data-id=\"d162fc8\" data-element_type=\"widget\" data-widget_type=\"shortcode.default\">\n\t\t\t\t<div class=\"elementor-widget-container\">\n\t\t\t\t\t<div class=\"elementor-shortcode\"><script>\n\t\t\t\tfunction getCookie(cname)\n\t\t\t\t{\n\t\t\t\t  var name = cname + \"=\";\n\t\t\t\t  var decodedCookie = decodeURIComponent(document.cookie);\n\t\t\t\t  var ca = decodedCookie.split(';');\n\t\t\t\t  for(var i = 0; i <ca.length; i++) {\n\t\t\t\t\tvar c = ca[i];\n\t\t\t\t\twhile (c.charAt(0) == ' ') {\n\t\t\t\t\t  c = c.substring(1);\n\t\t\t\t\t}\n\t\t\t\t\tif (c.indexOf(name) == 0) {\n\t\t\t\t\t  return c.substring(name.length, c.length);\n\t\t\t\t\t}\n\t\t\t\t  }\n\t\t\t\t  return \"\";\n\t\t\t\t}\n\t\t\t\t\n\t\t\t\tfunction rp_setCookie(cname, cvalue, exdays)\n\t\t\t\t{\n\t\t\t\t  var d = new Date();\n\t\t\t\t  d.setTime(d.getTime() + (exdays*24*60*60*1000));\n\t\t\t\t  var expires = 'expires='+ d.toUTCString();\n\t\t\t\t  document.cookie = cname + '=' + cvalue + ';' + expires + ';path=\/';\n\t\t\t\t}\n\t\n\t\t\t\tvar rp_nyelv = getCookie(\"qtrans_front_language\");\n\t\t\t\t\n\t\t\t\tvar hu_flag = '\/wp-content\/plugins\/qtranslate-x\/flags\/hu.png';\n\t\t\t\tvar gb_flag = '\/wp-content\/plugins\/qtranslate-x\/flags\/gb.png';\n\t\t\t\tvar de_flag = '\/wp-content\/plugins\/qtranslate-x\/flags\/de.png';\n\t\t\t\t\n\t\t\t\tvar rp_lng0 = '';\n\t\t\t\tvar rp_lng1 = '';\n\t\t\t\tvar rp_lng2 = '';\n\t\t\t\tvar rp_lng3 = '';\n\t\t\t\t\n\t\t\t\tif(rp_nyelv == \"\" || rp_nyelv == \"hu\")\n\t\t\t\t{\n\t\t\t\t\trp_lng0 = 'Nyelv';\n\t\t\t\t\trp_lng1 = 'Magyar';\n\t\t\t\t\trp_lng2 = 'Angol';\n\t\t\t\t\trp_lng3 = 'N\u00e9met';\n\t\t\t\t\trp_nyelv = hu_flag;\n\t\t\t\t}\n\t\t\t\telse if(rp_nyelv == \"en\")\n\t\t\t\t{\n\t\t\t\t\trp_lng0 = 'Language';\n\t\t\t\t\trp_lng1 = 'Hungarian';\n\t\t\t\t\trp_lng2 = 'English';\n\t\t\t\t\trp_lng3 = 'German';\n\t\t\t\t\trp_nyelv = gb_flag;\n\t\t\t\t}\n\t\t\t\telse if(rp_nyelv == \"de\")\n\t\t\t\t{\n\t\t\t\t\trp_lng0 = 'Sprache';\n\t\t\t\t\trp_lng1 = 'Ungarisch';\n\t\t\t\t\trp_lng2 = 'Englisch';\n\t\t\t\t\trp_lng3 = 'Deutsch';\n\t\t\t\t\trp_nyelv = de_flag;\n\t\t\t\t}\t\t\t\t\n\t\t\t\t\n\t\t\t\tvar lngs = document.getElementsByClassName('rollpack-nyelv');\n\t\t\t\t\n\t\t\t\tfor(let element of lngs)\n\t\t\t\t{\n\t\t\t\t\tvar anchors = element.getElementsByTagName('a');\n\t\t\t\t\t\n\t\t\t\t\tanchors[0].href = '\/';\n\t\t\t\t\tanchors[1].href = '\/hu';\n\t\t\t\t\tanchors[2].href = '\/en';\n\t\t\t\t\tanchors[3].href = '\/de';\n\t\t\t\t\t\n\t\t\t\t\tanchors[0].innerHTML = rp_lng0 + ' <img src=\"' + rp_nyelv + '\">';\n\t\t\t\t\tanchors[1].innerHTML = rp_lng1 + ' <img src=\"' + hu_flag + '\">';\n\t\t\t\t\tanchors[2].innerHTML = rp_lng2 + ' <img src=\"' + gb_flag + '\">';\n\t\t\t\t\tanchors[3].innerHTML = rp_lng3 + ' <img src=\"' + de_flag + '\">';\n\t\t\t\t\t\n\t\t\t\t\tanchors[1].onclick = function(){rp_setCookie('qtrans_front_language', 'hu', 365)};\n\t\t\t\t\tanchors[2].onclick = function(){rp_setCookie('qtrans_front_language', 'en', 365)};\n\t\t\t\t\tanchors[3].onclick = function(){rp_setCookie('qtrans_front_language', 'de', 365)};\n\t\t\t\t}\n\t\t\t\t\n\t\t  <\/script>\n\t\t  <link rel='stylesheet' href='https:\/\/stackpath.bootstrapcdn.com\/bootstrap\/4.3.1\/css\/bootstrap.min.css' integrity='sha384-ggOyR0iXCbMQv3Xipma34MD+dH\/1fQ784\/j6cY\/iJTQUOhcWr7x9JvoRxT2MZw1T' crossorigin='anonymous'>\n\t\t  \n\t<div class='container'>\n\t\t\t\t<div class='row'>\n\t\t\t\t\n\t\t\t\t\t<style>\n\t\t\t\t\t\t@media only screen and (max-width:760px){.ajanlatkeres-title{margin-top: 36px;}}\n\t\t\t\t\t\t@media only screen and (min-width:761px){.ajanlatkeres-title{margin-top: -15px;}}\n\t\t\t\t\t\t\n\t\t\t\t\t\t.elementor-element-75a0139 .elementor-column-wrap{\n\t\t\t\t\t\t\tbackground-color: #f5fafd !important;\n\t\t\t\t\t\t}\n\t\t\t\t\t<\/style>\n\t\t\t\t\t\n\t\t\t\t\t<h2 class='ajanlatkeres-title' style='text-align:center;margin-bottom: 46px;font-size: 40px;'>Fragen nach<\/h2>\n\t\t\t\t\t\n\t\t\t\t\t<div class='col-md-4 text-center'>\t\t\t\t\t\t\n\t\t\t\t\t\t<h3>West-Ungarn<\/h3>\n\t\t\t\t\t\t<img src='\/wp-content\/uploads\/2020\/02\/hu-04-1-1.png' alt='Nyugat-Magyarorsz\u00e1g' class='img-fluid' style='width:80%;'>\n\t\t\t\t\t\t\n\t\t\t\t\t\t<br><br>\n\t\t\t\t\t\t<b>Monostori Tam\u00e1s<\/b>\n\t\t\t\t\t\t<p>Kaufm\u00e4nnischer Leiter<\/p>\n\n\t\t\t\t\t\tMobil: +36-70-466-3006\n\t\t\t\t\t\t<p>E-mail: <a href='mailto:monostori.tamas@rollpack.hu'>monostori.tamas@rollpack.hu<\/a><\/p>\t\t\t\t\t\t\n\t\t\t\t\t\t<br>\n\t\t\t\t\t<\/div>\n\t\t\t\t\t<div class='col-md-4 text-center'>\n\t\t\t\t\t\t<h3>Ostungarn<\/h3>\n\t\t\t\t\t\t<img src='\/wp-content\/uploads\/2020\/02\/hu-04-2-1.png' alt='Kelet-Magyarorsz\u00e1g' class='img-fluid' style='width:80%;'>\n\t\t\t\t\t\t\n\t\t\t\t\t\t<br><br>\n\t\t\t\t\t\t<b>Teleki Zsolt<\/b>\n\t\t\t\t\t\t<p>Leitender Verk\u00e4ufer<\/p>\n\t\t\t\t\t\t\n\t\t\t\t\t\tMobil: +36-30-830-4854\n\n\t\t\t\t\t\t<p>E-mail: <a href='mailto:teleki.zsolt@rollpack.hu'>teleki.zsolt@rollpack.hu<\/a><\/p>\t\t\t\t\t\t\n\t\t\t\t\t\t<br>\n\t\t\t\t\t<\/div>\n\t\t\t\t\t<div class='col-md-4 text-center'>\n\t\t\t\t\t\t<h3>Europa<\/h3>\n\t\t\t\t\t\t<img src='\/wp-content\/uploads\/2020\/02\/output-onlinepngtools.png' alt='Eur\u00f3pa' class='img-fluid' style='width:80%;object-fit:cover;'>\n\t\t\t\t\t\t\n\t\t\t\t\t\t<br><br>\n\t\t\t\t\t\t<b>Balogh Patrik<\/b>\n\t\t\t\t\t\t\n\t\t\t\t\t\t<p>Exportverk\u00e4ufe<\/p>\n\t\t\t\t\t\t\n\t\t\t\t\t\tMobil: +36-70-439-8770\n\t\t\t\t\t\t<p>E-mail: <a href='mailto:balogh.patrik@rollpack.hu'>balogh.patrik@rollpack.hu<\/a><\/p>\n\t\t\t\t\t\t<br>\n\t\t\t\t\t<\/div>\n\t\t\t\t<\/div>\n\t<\/div>\n\t\n\t\n\t<script>\n\t\tdocument.getElementsByClassName('main-menu')[0].style = 'border:0px';\n\t\tdocument.getElementsByClassName('header-subtitle')[0].innerHTML = 'Bitte w\u00e4hlen Sie einen der folgenden Bereiche aus.';\n\t\tdocument.getElementsByClassName('header')[0].style = 'background-image: url(\/wp-content\/uploads\/2019\/10\/slide-0003.jpg);background-attachment:scroll;background-size:contain;background-color:black;';\n\t<\/script>\n\t<\/div>\n\t\t\t\t<\/div>\n\t\t\t\t<\/div>\n\t\t\t\t\t\t<\/div>\n\t\t\t\t\t<\/div>\n\t\t<\/div>\n\t\t\t\t\t\t\t\t<\/div>\n\t\t\t\t\t<\/div>\n\t\t<\/section>\n\t\t\t\t<section class=\"elementor-section elementor-top-section elementor-element elementor-element-75a0139 elementor-section-full_width elementor-section-stretched rollpack-footer-bg elementor-section-height-default elementor-section-height-default\" data-id=\"75a0139\" data-element_type=\"section\" data-settings=\"{&quot;background_background&quot;:&quot;classic&quot;,&quot;stretch_section&quot;:&quot;section-stretched&quot;}\">\n\t\t\t\t\t\t<div class=\"elementor-container elementor-column-gap-default\">\n\t\t\t\t\t\t\t<div class=\"elementor-row\">\n\t\t\t\t\t<div class=\"elementor-column elementor-col-100 elementor-top-column elementor-element elementor-element-0e9b0b3\" data-id=\"0e9b0b3\" data-element_type=\"column\" data-settings=\"{&quot;background_background&quot;:&quot;classic&quot;}\">\n\t\t\t<div class=\"elementor-column-wrap elementor-element-populated\">\n\t\t\t\t\t\t\t<div class=\"elementor-widget-wrap\">\n\t\t\t\t\t\t<div class=\"elementor-element elementor-element-97b957d elementor-widget elementor-widget-spacer\" data-id=\"97b957d\" data-element_type=\"widget\" data-widget_type=\"spacer.default\">\n\t\t\t\t<div class=\"elementor-widget-container\">\n\t\t\t\t\t<div class=\"elementor-spacer\">\n\t\t\t<div class=\"elementor-spacer-inner\"><\/div>\n\t\t<\/div>\n\t\t\t\t<\/div>\n\t\t\t\t<\/div>\n\t\t\t\t<section class=\"elementor-section elementor-inner-section elementor-element elementor-element-93d7361 elementor-section-boxed elementor-section-height-default elementor-section-height-default\" data-id=\"93d7361\" data-element_type=\"section\">\n\t\t\t\t\t\t<div class=\"elementor-container elementor-column-gap-default\">\n\t\t\t\t\t\t\t<div class=\"elementor-row\">\n\t\t\t\t\t<div class=\"elementor-column elementor-col-33 elementor-inner-column elementor-element elementor-element-3a23e67 rollpack_footer_bal\" data-id=\"3a23e67\" data-element_type=\"column\">\n\t\t\t<div class=\"elementor-column-wrap elementor-element-populated\">\n\t\t\t\t\t\t\t<div class=\"elementor-widget-wrap\">\n\t\t\t\t\t\t<div class=\"elementor-element elementor-element-c6a33cd footer-rollpack-logo elementor-widget elementor-widget-image\" data-id=\"c6a33cd\" data-element_type=\"widget\" data-widget_type=\"image.default\">\n\t\t\t\t<div class=\"elementor-widget-container\">\n\t\t\t\t\t\t\t\t<div class=\"elementor-image\">\n\t\t\t\t\t\t\t\t\t\t\t\t<img width=\"300\" height=\"77\" src=\"https:\/\/rollpack.hu\/wp-content\/uploads\/2020\/02\/roll_pack_2019_logo-1-300x77.png\" class=\"attachment-medium size-medium\" alt=\"\" loading=\"lazy\" srcset=\"https:\/\/rollpack.hu\/wp-content\/uploads\/2020\/02\/roll_pack_2019_logo-1-300x77.png 300w, https:\/\/rollpack.hu\/wp-content\/uploads\/2020\/02\/roll_pack_2019_logo-1-1024x263.png 1024w, https:\/\/rollpack.hu\/wp-content\/uploads\/2020\/02\/roll_pack_2019_logo-1-768x197.png 768w, https:\/\/rollpack.hu\/wp-content\/uploads\/2020\/02\/roll_pack_2019_logo-1-1536x394.png 1536w, https:\/\/rollpack.hu\/wp-content\/uploads\/2020\/02\/roll_pack_2019_logo-1-2048x525.png 2048w, https:\/\/rollpack.hu\/wp-content\/uploads\/2020\/02\/roll_pack_2019_logo-1-1920x492.png 1920w\" sizes=\"(max-width: 300px) 100vw, 300px\" \/>\t\t\t\t\t\t\t\t\t\t\t\t\t\t<\/div>\n\t\t\t\t\t\t<\/div>\n\t\t\t\t<\/div>\n\t\t\t\t<div class=\"elementor-element elementor-element-d1040a5 elementor-widget elementor-widget-html\" data-id=\"d1040a5\" data-element_type=\"widget\" data-widget_type=\"html.default\">\n\t\t\t\t<div class=\"elementor-widget-container\">\n\t\t\t<h5 class=\"rollpack_footer_left\" style=\"text-align:right;color:#3C424F;\">Keresked\u0151h\u00e1z Kft.<\/h5>\t\t<\/div>\n\t\t\t\t<\/div>\n\t\t\t\t<div class=\"elementor-element elementor-element-29f1327 rollpack-footer-image elementor-widget elementor-widget-image\" data-id=\"29f1327\" data-element_type=\"widget\" data-widget_type=\"image.default\">\n\t\t\t\t<div class=\"elementor-widget-container\">\n\t\t\t\t\t\t\t\t<div class=\"elementor-image\">\n\t\t\t\t\t\t\t\t\t\t\t\t<img width=\"300\" height=\"85\" src=\"https:\/\/rollpack.hu\/wp-content\/uploads\/2020\/01\/iso-300x85.png\" class=\"attachment-medium size-medium\" alt=\"\" loading=\"lazy\" srcset=\"https:\/\/rollpack.hu\/wp-content\/uploads\/2020\/01\/iso-300x85.png 300w, https:\/\/rollpack.hu\/wp-content\/uploads\/2020\/01\/iso.png 429w\" sizes=\"(max-width: 300px) 100vw, 300px\" \/>\t\t\t\t\t\t\t\t\t\t\t\t\t\t<\/div>\n\t\t\t\t\t\t<\/div>\n\t\t\t\t<\/div>\n\t\t\t\t\t\t<\/div>\n\t\t\t\t\t<\/div>\n\t\t<\/div>\n\t\t\t\t<div class=\"elementor-column elementor-col-66 elementor-inner-column elementor-element elementor-element-d0ef965 rollpack_footer_jobb\" data-id=\"d0ef965\" data-element_type=\"column\">\n\t\t\t<div class=\"elementor-column-wrap elementor-element-populated\">\n\t\t\t\t\t\t\t<div class=\"elementor-widget-wrap\">\n\t\t\t\t\t\t<div class=\"elementor-element elementor-element-a2f592b rollpack_footer_right elementor-widget elementor-widget-html\" data-id=\"a2f592b\" data-element_type=\"widget\" data-widget_type=\"html.default\">\n\t\t\t\t<div class=\"elementor-widget-container\">\n\t\t\t<div style=\"color:#3C424F\"><p class=\"rollpack_footer_right\"><span>B\u00fcro \/ Standort: <\/span>6230, Soltvadkert, Szenth\u00e1roms\u00e1g u. 100.<\/p>\r\n<p class=\"rollpack_footer_right\"><span>Hauptsitz: <\/span>2040, Buda\u00f6rs, \u00c9bner Gy\u00f6rgy k\u00f6z 4.<\/p><p class=\"rollpack_footer_right\"><span>Steuernummer:<\/span>  26112493-2-13<\/p><p class=\"rollpack_footer_right\"><span>Registernummer:<\/span>  13 09 188881<\/p>\r\n<p class=\"rollpack_footer_right\"><span>E-mail: <\/span>info@rollpack.hu<\/p>\r\n<p class=\"rollpack_footer_right\"><span>Telefon: <\/span>+36\/78-480-238<\/p><\/div>\t\t<\/div>\n\t\t\t\t<\/div>\n\t\t\t\t\t\t<\/div>\n\t\t\t\t\t<\/div>\n\t\t<\/div>\n\t\t\t\t\t\t\t\t<\/div>\n\t\t\t\t\t<\/div>\n\t\t<\/section>\n\t\t\t\t<div class=\"elementor-element elementor-element-e3faa72 elementor-widget elementor-widget-spacer\" data-id=\"e3faa72\" data-element_type=\"widget\" data-widget_type=\"spacer.default\">\n\t\t\t\t<div class=\"elementor-widget-container\">\n\t\t\t\t\t<div class=\"elementor-spacer\">\n\t\t\t<div class=\"elementor-spacer-inner\"><\/div>\n\t\t<\/div>\n\t\t\t\t<\/div>\n\t\t\t\t<\/div>\n\t\t\t\t<div class=\"elementor-element elementor-element-aa3ddbd elementor-widget elementor-widget-google_maps\" data-id=\"aa3ddbd\" data-element_type=\"widget\" data-widget_type=\"google_maps.default\">\n\t\t\t\t<div class=\"elementor-widget-container\">\n\t\t\t\t\t<div class=\"elementor-custom-embed\">\n\t\t\t<iframe frameborder=\"0\" scrolling=\"no\" marginheight=\"0\" marginwidth=\"0\"\n\t\t\t\t\tsrc=\"https:\/\/maps.google.com\/maps?q=6230%2C%20Soltvadkert%2C%20Szenth%C3%A1roms%C3%A1g%20u.%20100.&#038;t=m&#038;z=10&#038;output=embed&#038;iwloc=near\"\n\t\t\t\t\ttitle=\"6230, Soltvadkert, Szenth\u00e1roms\u00e1g u. 100.\"\n\t\t\t\t\taria-label=\"6230, Soltvadkert, Szenth\u00e1roms\u00e1g u. 100.\"\n\t\t\t><\/iframe>\n\t\t<\/div>\n\t\t\t\t<\/div>\n\t\t\t\t<\/div>\n\t\t\t\t\t\t<\/div>\n\t\t\t\t\t<\/div>\n\t\t<\/div>\n\t\t\t\t\t\t\t\t<\/div>\n\t\t\t\t\t<\/div>\n\t\t<\/section>\n\t\t\t\t\t\t<\/div>\n\t\t\t\t\t\t<\/div>\n\t\t\t\t\t<\/div>","protected":false},"excerpt":{"rendered":"<p>Keresked\u0151h\u00e1z Kft. B\u00fcro \/ Standort: 6230, Soltvadkert, Szenth\u00e1roms\u00e1g u. 100. Hauptsitz: 2040, Buda\u00f6rs, \u00c9bner Gy\u00f6rgy k\u00f6z 4. Steuernummer: 26112493-2-13 Registernummer: 13 09 188881 E-mail: info@rollpack.hu Telefon: +36\/78-480-238<\/p>\n","protected":false},"author":1,"featured_media":0,"parent":0,"menu_order":0,"comment_status":"closed","ping_status":"closed","template":"","meta":[],"_links":{"self":[{"href":"https:\/\/rollpack.hu\/de\/wp-json\/wp\/v2\/pages\/363"}],"collection":[{"href":"https:\/\/rollpack.hu\/de\/wp-json\/wp\/v2\/pages"}],"about":[{"href":"https:\/\/rollpack.hu\/de\/wp-json\/wp\/v2\/types\/page"}],"author":[{"embeddable":true,"href":"https:\/\/rollpack.hu\/de\/wp-json\/wp\/v2\/users\/1"}],"replies":[{"embeddable":true,"href":"https:\/\/rollpack.hu\/de\/wp-json\/wp\/v2\/comments?post=363"}],"version-history":[{"count":5,"href":"https:\/\/rollpack.hu\/de\/wp-json\/wp\/v2\/pages\/363\/revisions"}],"predecessor-version":[{"id":956,"href":"https:\/\/rollpack.hu\/de\/wp-json\/wp\/v2\/pages\/363\/revisions\/956"}],"wp:attachment":[{"href":"https:\/\/rollpack.hu\/de\/wp-json\/wp\/v2\/media?parent=363"}],"curies":[{"name":"wp","href":"https:\/\/api.w.org\/{rel}","templated":true}]}}