{"id":629,"date":"2019-10-12T11:51:22","date_gmt":"2019-10-12T10:51:22","guid":{"rendered":"https:\/\/rollpack.hu\/?page_id=629"},"modified":"2020-01-28T00:44:31","modified_gmt":"2020-01-27T23:44:31","slug":"termek","status":"publish","type":"page","link":"https:\/\/rollpack.hu\/en\/termek\/","title":{"rendered":"Term\u00e9k"},"content":{"rendered":"<div data-elementor-type=\"wp-page\" data-elementor-id=\"629\" class=\"elementor elementor-629\" data-elementor-settings=\"[]\">\n\t\t\t\t\t\t<div class=\"elementor-inner\">\n\t\t\t\t\t\t\t<div class=\"elementor-section-wrap\">\n\t\t\t\t\t\t\t<section class=\"elementor-section elementor-top-section elementor-element elementor-element-86e170a elementor-section-boxed elementor-section-height-default elementor-section-height-default\" data-id=\"86e170a\" data-element_type=\"section\">\n\t\t\t\t\t\t<div class=\"elementor-container elementor-column-gap-default\">\n\t\t\t\t\t\t\t<div class=\"elementor-row\">\n\t\t\t\t\t<div class=\"elementor-column elementor-col-100 elementor-top-column elementor-element elementor-element-cabbbf2\" data-id=\"cabbbf2\" data-element_type=\"column\">\n\t\t\t<div class=\"elementor-column-wrap elementor-element-populated\">\n\t\t\t\t\t\t\t<div class=\"elementor-widget-wrap\">\n\t\t\t\t\t\t<div class=\"elementor-element elementor-element-97b77db elementor-widget elementor-widget-shortcode\" data-id=\"97b77db\" data-element_type=\"widget\" data-widget_type=\"shortcode.default\">\n\t\t\t\t<div class=\"elementor-widget-container\">\n\t\t\t\t\t<div class=\"elementor-shortcode\"><script>\n\t\t\t\tfunction getCookie(cname)\n\t\t\t\t{\n\t\t\t\t  var name = cname + \"=\";\n\t\t\t\t  var decodedCookie = decodeURIComponent(document.cookie);\n\t\t\t\t  var ca = decodedCookie.split(';');\n\t\t\t\t  for(var i = 0; i <ca.length; i++) {\n\t\t\t\t\tvar c = ca[i];\n\t\t\t\t\twhile (c.charAt(0) == ' ') {\n\t\t\t\t\t  c = c.substring(1);\n\t\t\t\t\t}\n\t\t\t\t\tif (c.indexOf(name) == 0) {\n\t\t\t\t\t  return c.substring(name.length, c.length);\n\t\t\t\t\t}\n\t\t\t\t  }\n\t\t\t\t  return \"\";\n\t\t\t\t}\n\t\t\t\t\n\t\t\t\tfunction rp_setCookie(cname, cvalue, exdays)\n\t\t\t\t{\n\t\t\t\t  var d = new Date();\n\t\t\t\t  d.setTime(d.getTime() + (exdays*24*60*60*1000));\n\t\t\t\t  var expires = 'expires='+ d.toUTCString();\n\t\t\t\t  document.cookie = cname + '=' + cvalue + ';' + expires + ';path=\/';\n\t\t\t\t}\n\t\n\t\t\t\tvar rp_nyelv = getCookie(\"qtrans_front_language\");\n\t\t\t\t\n\t\t\t\tvar hu_flag = '\/wp-content\/plugins\/qtranslate-x\/flags\/hu.png';\n\t\t\t\tvar gb_flag = '\/wp-content\/plugins\/qtranslate-x\/flags\/gb.png';\n\t\t\t\tvar de_flag = '\/wp-content\/plugins\/qtranslate-x\/flags\/de.png';\n\t\t\t\t\n\t\t\t\tvar rp_lng0 = '';\n\t\t\t\tvar rp_lng1 = '';\n\t\t\t\tvar rp_lng2 = '';\n\t\t\t\tvar rp_lng3 = '';\n\t\t\t\t\n\t\t\t\tif(rp_nyelv == \"\" || rp_nyelv == \"hu\")\n\t\t\t\t{\n\t\t\t\t\trp_lng0 = 'Nyelv';\n\t\t\t\t\trp_lng1 = 'Magyar';\n\t\t\t\t\trp_lng2 = 'Angol';\n\t\t\t\t\trp_lng3 = 'N\u00e9met';\n\t\t\t\t\trp_nyelv = hu_flag;\n\t\t\t\t}\n\t\t\t\telse if(rp_nyelv == \"en\")\n\t\t\t\t{\n\t\t\t\t\trp_lng0 = 'Language';\n\t\t\t\t\trp_lng1 = 'Hungarian';\n\t\t\t\t\trp_lng2 = 'English';\n\t\t\t\t\trp_lng3 = 'German';\n\t\t\t\t\trp_nyelv = gb_flag;\n\t\t\t\t}\n\t\t\t\telse if(rp_nyelv == \"de\")\n\t\t\t\t{\n\t\t\t\t\trp_lng0 = 'Sprache';\n\t\t\t\t\trp_lng1 = 'Ungarisch';\n\t\t\t\t\trp_lng2 = 'Englisch';\n\t\t\t\t\trp_lng3 = 'Deutsch';\n\t\t\t\t\trp_nyelv = de_flag;\n\t\t\t\t}\t\t\t\t\n\t\t\t\t\n\t\t\t\tvar lngs = document.getElementsByClassName('rollpack-nyelv');\n\t\t\t\t\n\t\t\t\tfor(let element of lngs)\n\t\t\t\t{\n\t\t\t\t\tvar anchors = element.getElementsByTagName('a');\n\t\t\t\t\t\n\t\t\t\t\tanchors[0].href = '\/';\n\t\t\t\t\tanchors[1].href = '\/hu';\n\t\t\t\t\tanchors[2].href = '\/en';\n\t\t\t\t\tanchors[3].href = '\/de';\n\t\t\t\t\t\n\t\t\t\t\tanchors[0].innerHTML = rp_lng0 + ' <img src=\"' + rp_nyelv + '\">';\n\t\t\t\t\tanchors[1].innerHTML = rp_lng1 + ' <img src=\"' + hu_flag + '\">';\n\t\t\t\t\tanchors[2].innerHTML = rp_lng2 + ' <img src=\"' + gb_flag + '\">';\n\t\t\t\t\tanchors[3].innerHTML = rp_lng3 + ' <img src=\"' + de_flag + '\">';\n\t\t\t\t\t\n\t\t\t\t\tanchors[1].onclick = function(){rp_setCookie('qtrans_front_language', 'hu', 365)};\n\t\t\t\t\tanchors[2].onclick = function(){rp_setCookie('qtrans_front_language', 'en', 365)};\n\t\t\t\t\tanchors[3].onclick = function(){rp_setCookie('qtrans_front_language', 'de', 365)};\n\t\t\t\t}\n\t\t\t\t\n\t\t  <\/script>\n\t\t  <link rel='stylesheet' href='https:\/\/stackpath.bootstrapcdn.com\/bootstrap\/4.3.1\/css\/bootstrap.min.css' integrity='sha384-ggOyR0iXCbMQv3Xipma34MD+dH\/1fQ784\/j6cY\/iJTQUOhcWr7x9JvoRxT2MZw1T' crossorigin='anonymous'>\n\t\t  \t\n\t\t<div class='container'>\n\t\t\t<div class='row'>\n\t\t\t\t<div class='col-md-8' style='margin-bottom:50px;'>\n\t\t\t\t\n\t\t\t\t\t<h6><a href='\/?' style='color:#d02730'>Main Page<\/a> \/ <a href='\/?' style='color:#d02730'>Our Products<\/a> \/ Flat and shrink film, tubes, centralfolded tubes<\/h6>\n\t\t\t\t\t<br>\n\t\t\t\t\t\n\t\t\t\t\t<div class='row'>\n\t\t\t\t\t\t<div class='col-sm-8'>\n\t\t\t\t\t\t\t<h2>Flat and shrink film, tubes, centralfolded tubes<\/h2><br>\n\t\t\t\t\t\t<\/div>\n\t\t\t\t\t\t<div class='col-sm-4'>\n\t\t\t\t\t\t\t\n\t\t\t\t\t\t<\/div>\n\t\t\t\t\t<\/div>\n\t\t\t\t\t\n\t\t\t\t\t<br>\n\t\t\t\t<img src='\/wp-content\/uploads\/2020\/02\/sik.png' style='margin-bottom:20px;'><br>\n\t\t\t\t\t\t\t\t\t\t<div style='color:rgb(60,66,79) !important;'>\n\t\t\t\t\t\t\t\t\t\tFeatures: Highly weldable, shrinkable in longitudinal and transverse directions due to heat. <br>\n\t\t\t\t\t\t\t\t\t\tAreas of use: bulk packing, covering, preservation of products. <br>\n\t\t\t\t\t\t\t\t\t\tMaterial quality: Made from original or recycled material. Can be perforated, antistatic, UV resistant, with a glidant or anti-slip additive as needed. <br>\n\t\t\t\t\t\t\t\t\t\tWidth: 200mm - 2000mm <br>\n\t\t\t\t\t\t\t\t\t\tThickness: 7\u00b5 - 200\u00b5 <br>\n\t\t\t\t\t\t\t\t\t\tTechnology: mono- or coextruded\n\t\t\t\t\t\t\t\t\t\tColor: natural (translucent), colored or printed<br>\n\t\t\t\t\t\t\t\t\t\t<img src='\/wp-content\/uploads\/2020\/02\/sik-1.png' style='margin-top:20px;'>\n\t\t\t\t\t\t\t\t\t\t<\/div>\n\t\t\t\t\t\t\t\t\t\t\n\t\t\t\t<\/div>\n\t\t\t\t<div class='col-md-4 side_ajanlatkeres'>\n\t\t\t\t\n\t\t\t\t\t<div class='widget'>\n\t\t\t\t\t\t<h3>Request for<\/h3>\n\t\t\t\t\t\t<div class='well'>\n\t\t\t\t\t\t\t<ul class='list'>\n\t\t\t\t\t\t\t\t<li>Want a custom production?<\/li>\n\t\t\t\t\t\t\t\t<li>Would you like to buy from our existing products?<\/li>\n\t\t\t\t\t\t\t\t<li>Or would you just be interested?<\/li>\n\t\t\t\t\t\t\t<\/ul>\n\t\t\t\t\t\t\t<p>Contact us and our colleagues will be happy to answer any questions you may have!<\/p>\n\t\t\t\t\t\t\t<div class='text-center'><a class='btn btn-success' href='\/ajanlatkeres'>Request for<\/a><\/div>\n\t\t\t\t\t\t<\/div>\n\t\t\t\t\t\t\n\t\t\t\t\t<\/div>\t\t\t\t\n\t\t\t\t\t\n\t\t\t\t\t<style>\n\t\t\t\t\t\t.inner-header-description{\n\t\t\t\t\t\t\tpadding:0px !important;\n\t\t\t\t\t\t\theight:100px !important;\t\t\t\t\t\t\t\n\t\t\t\t\t\t}\n\t\t\t\t\t\t\n\t\t\t\t\t\t.inner-header-description h1,.inner-header-description p{\n\t\t\t\t\t\t\tdisplay:none !important;\t\t\t\t\t\t\t\n\t\t\t\t\t\t}\n\t\t\t\t\t\n\t\t\t\t\t\t.side_ajanlatkeres{\n\t\t\t\t\t\t\t-webkit-tap-highlight-color: rgba(0, 0, 0, 0);\n\t\t\t\t\t\t\tfont-family: 'Open Sans', Helvetica, Arial, sans-serif;\n\t\t\t\t\t\t\tfont-size: 14px;\n\t\t\t\t\t\t\tline-height: 1.42857143;\n\t\t\t\t\t\t\tcolor: #33393f;\n\t\t\t\t\t\t\tbox-sizing: border-box;\n\t\t\t\t\t\t\tposition: relative;\n\t\t\t\t\t\t\tmin-height: 1px;\n\t\t\t\t\t\t\tpadding-left: 15px;\n\t\t\t\t\t\t\tpadding-right: 15px;\n\t\t\t\t\t\t\tfloat: left;\n\t\t\t\t\t\t\twidth: 33.33333333%;\n\t\t\t\t\t\t}\n\t\t\t\t\t\t.side_ajanlatkeres .widget{\n\t\t\t\t\t\t\t-webkit-tap-highlight-color: rgba(0, 0, 0, 0);\t\t\t\t\t\t\t\n\t\t\t\t\t\t\tline-height: 1.42857143;\n\t\t\t\t\t\t\tcolor: #33393f;\n\t\t\t\t\t\t\tbox-sizing: border-box;\n\t\t\t\t\t\t}\n\t\t\t\t\t\t\n\t\t\t\t\t\t.side_ajanlatkeres li, .side_ajanlatkeres p{\n\t\t\t\t\t\t\tfont-size: 16px !important;\n\t\t\t\t\t\t}\n\t\t\t\t\t\t\n\t\t\t\t\t\t.side_ajanlatkeres a{\n\t\t\t\t\t\t\tfont-size: 16px !important;\n\t\t\t\t\t\t}\n\n\t\t\t\t\t\t.side_ajanlatkeres h3{\n\t\t\t\t\t\t\t-webkit-tap-highlight-color: rgba(0, 0, 0, 0);\n\t\t\t\t\t\t\tbox-sizing: border-box;\n\t\t\t\t\t\t\tfont-family: inherit;\n\t\t\t\t\t\t\tfont-weight: 300;\n\t\t\t\t\t\t\tline-height: 1.1;\n\t\t\t\t\t\t\tcolor: inherit;\n\t\t\t\t\t\t\tmargin-top: 20px;\n\t\t\t\t\t\t\tmargin-bottom: 10px;\n\t\t\t\t\t\t\ttext-transform: uppercase;\t\t\t\t\t\t\t\n\t\t\t\t\t\t}\n\t\t\t\t\t\t\n\t\t\t\t\t\t.side_ajanlatkeres .well{\n\t\t\t\t\t\t\t-webkit-tap-highlight-color: rgba(0, 0, 0, 0);\n\t\t\t\t\t\t\tfont-size: 14px;\n\t\t\t\t\t\t\tline-height: 1.42857143;\n\t\t\t\t\t\t\tcolor: #33393f;\n\t\t\t\t\t\t\tbox-sizing: border-box;\n\t\t\t\t\t\t\tmin-height: 20px;\n\t\t\t\t\t\t\tpadding: 19px;\n\t\t\t\t\t\t\tmargin-bottom: 20px;\n\t\t\t\t\t\t\tbackground-color: #f5f5f5;\n\t\t\t\t\t\t\tborder: 1px solid #e3e3e3;\n\t\t\t\t\t\t\tborder-radius: 4px;\n\t\t\t\t\t\t\tbox-shadow: inset 0 1px 1px rgba(0, 0, 0, 0.05);\n\t\t\t\t\t\t}\n\t\t\t\t\t\t.side_ajanlatkeres .list{\n\t\t\t\t\t\t\t-webkit-tap-highlight-color: rgba(0, 0, 0, 0);\t\t\t\t\t\t\t\n\t\t\t\t\t\t\tfont-size: 14px;\n\t\t\t\t\t\t\tline-height: 1.42857143;\n\t\t\t\t\t\t\tcolor: #33393f;\n\t\t\t\t\t\t\tbox-sizing: border-box;\n\t\t\t\t\t\t\tmargin-top: 0;\n\t\t\t\t\t\t\tmargin-bottom: 10px;\n\t\t\t\t\t\t}\n\t\t\t\t\t\t.side_ajanlatkeres p{\n\t\t\t\t\t\t\t-webkit-tap-highlight-color: rgba(0, 0, 0, 0);\n\t\t\t\t\t\t\tfont-size: 14px;\n\t\t\t\t\t\t\tline-height: 1.42857143;\n\t\t\t\t\t\t\tcolor: #33393f;\n\t\t\t\t\t\t\tbox-sizing: border-box;\n\t\t\t\t\t\t\tmargin: 0 0 10px;\t\t\t\t\t\t\t\n\t\t\t\t\t\t}\n\t\t\t\t\t\t.side_ajanlatkeres a{\n\t\t\t\t\t\t\t\t-webkit-tap-highlight-color: rgba(0, 0, 0, 0);\n\t\t\t\t\t\t\t\tbox-sizing: border-box;\n\t\t\t\t\t\t\t\tbackground: transparent;\n\t\t\t\t\t\t\t\ttext-decoration: none;\n\t\t\t\t\t\t\t\tdisplay: inline-block;\n\t\t\t\t\t\t\t\tmargin-bottom: 0;\n\t\t\t\t\t\t\t\ttext-align: center;\n\t\t\t\t\t\t\t\tvertical-align: middle;\n\t\t\t\t\t\t\t\tcursor: pointer;\n\t\t\t\t\t\t\t\tborder: 1px solid transparent;\n\t\t\t\t\t\t\t\twhite-space: nowrap;\n\t\t\t\t\t\t\t\tpadding: 6px 12px;\n\t\t\t\t\t\t\t\tline-height: 1.42857143;\n\t\t\t\t\t\t\t\tuser-select: none;\n\t\t\t\t\t\t\t\tcolor: #ffffff;\n\t\t\t\t\t\t\t\tbackground-color: #5cb85c;\n\t\t\t\t\t\t\t\tborder-color: #4cae4c;\n\t\t\t\t\t\t\t\tborder-radius: 0;\n\t\t\t\t\t\t\t\tbackground-image: linear-gradient(to bottom, #5cb85c 0%, #419641 100%);\n\t\t\t\t\t\t\t\tbackground-repeat: repeat-x;\n\t\t\t\t\t\t\t\ttext-transform: uppercase;\n\t\t\t\t\t\t\t\tfont-weight: bold;\t\t\t\t\t\n\t\t\t\t\t\t}\t\t\t\t\t\t\n\t\t\t\t\t\t\n\t\t\t\t\t\t.page-content{\n\t\t\t\t\t\t\tpadding-top: 30px !important;\n\t\t\t\t\t\t}\n\t\t\t\t\t<\/style>\t\t\n\t\t\t\t\n\t\t\t\t<\/div>\n\t\t\t<\/div>\n\t\t<\/div>\n\t\t\n\t\t<script>\n\t\t\tdocument.getElementsByClassName('main-menu')[0].style = 'border:0px';\n\t\t<\/script>\n\t<\/div>\n\t\t\t\t<\/div>\n\t\t\t\t<\/div>\n\t\t\t\t\t\t<\/div>\n\t\t\t\t\t<\/div>\n\t\t<\/div>\n\t\t\t\t\t\t\t\t<\/div>\n\t\t\t\t\t<\/div>\n\t\t<\/section>\n\t\t\t\t<section class=\"elementor-section elementor-top-section elementor-element elementor-element-fffe266 elementor-section-full_width elementor-section-stretched rollpack-footer-bg elementor-section-height-default elementor-section-height-default\" data-id=\"fffe266\" data-element_type=\"section\" data-settings=\"{&quot;background_background&quot;:&quot;classic&quot;,&quot;stretch_section&quot;:&quot;section-stretched&quot;}\">\n\t\t\t\t\t\t<div class=\"elementor-container elementor-column-gap-default\">\n\t\t\t\t\t\t\t<div class=\"elementor-row\">\n\t\t\t\t\t<div class=\"elementor-column elementor-col-100 elementor-top-column elementor-element elementor-element-0bf59d7\" data-id=\"0bf59d7\" data-element_type=\"column\" data-settings=\"{&quot;background_background&quot;:&quot;classic&quot;}\">\n\t\t\t<div class=\"elementor-column-wrap elementor-element-populated\">\n\t\t\t\t\t\t\t<div class=\"elementor-widget-wrap\">\n\t\t\t\t\t\t<div class=\"elementor-element elementor-element-f461dc0 elementor-widget elementor-widget-spacer\" data-id=\"f461dc0\" data-element_type=\"widget\" data-widget_type=\"spacer.default\">\n\t\t\t\t<div class=\"elementor-widget-container\">\n\t\t\t\t\t<div class=\"elementor-spacer\">\n\t\t\t<div class=\"elementor-spacer-inner\"><\/div>\n\t\t<\/div>\n\t\t\t\t<\/div>\n\t\t\t\t<\/div>\n\t\t\t\t<section class=\"elementor-section elementor-inner-section elementor-element elementor-element-97e262d elementor-section-boxed elementor-section-height-default elementor-section-height-default\" data-id=\"97e262d\" data-element_type=\"section\">\n\t\t\t\t\t\t<div class=\"elementor-container elementor-column-gap-default\">\n\t\t\t\t\t\t\t<div class=\"elementor-row\">\n\t\t\t\t\t<div class=\"elementor-column elementor-col-33 elementor-inner-column elementor-element elementor-element-f2f84f2 rollpack_footer_bal\" data-id=\"f2f84f2\" data-element_type=\"column\">\n\t\t\t<div class=\"elementor-column-wrap elementor-element-populated\">\n\t\t\t\t\t\t\t<div class=\"elementor-widget-wrap\">\n\t\t\t\t\t\t<div class=\"elementor-element elementor-element-65c19a0 footer-rollpack-logo elementor-widget elementor-widget-image\" data-id=\"65c19a0\" data-element_type=\"widget\" data-widget_type=\"image.default\">\n\t\t\t\t<div class=\"elementor-widget-container\">\n\t\t\t\t\t\t\t\t<div class=\"elementor-image\">\n\t\t\t\t\t\t\t\t\t\t\t\t<img width=\"300\" height=\"77\" src=\"https:\/\/rollpack.hu\/wp-content\/uploads\/2020\/01\/roll_pack_2019_logo-1-300x77.png\" class=\"attachment-medium size-medium\" alt=\"\" loading=\"lazy\" srcset=\"https:\/\/rollpack.hu\/wp-content\/uploads\/2020\/01\/roll_pack_2019_logo-1-300x77.png 300w, https:\/\/rollpack.hu\/wp-content\/uploads\/2020\/01\/roll_pack_2019_logo-1-1024x263.png 1024w, https:\/\/rollpack.hu\/wp-content\/uploads\/2020\/01\/roll_pack_2019_logo-1-768x197.png 768w, https:\/\/rollpack.hu\/wp-content\/uploads\/2020\/01\/roll_pack_2019_logo-1-1536x394.png 1536w, https:\/\/rollpack.hu\/wp-content\/uploads\/2020\/01\/roll_pack_2019_logo-1-2048x525.png 2048w, https:\/\/rollpack.hu\/wp-content\/uploads\/2020\/01\/roll_pack_2019_logo-1-1920x492.png 1920w\" sizes=\"(max-width: 300px) 100vw, 300px\" \/>\t\t\t\t\t\t\t\t\t\t\t\t\t\t<\/div>\n\t\t\t\t\t\t<\/div>\n\t\t\t\t<\/div>\n\t\t\t\t<div class=\"elementor-element elementor-element-11dc010 elementor-widget elementor-widget-html\" data-id=\"11dc010\" data-element_type=\"widget\" data-widget_type=\"html.default\">\n\t\t\t\t<div class=\"elementor-widget-container\">\n\t\t\t<h5 class=\"rollpack_footer_left\" style=\"text-align:right;color:#3C424F;\">Keresked\u0151h\u00e1z Kft.<\/h5>\t\t<\/div>\n\t\t\t\t<\/div>\n\t\t\t\t<div class=\"elementor-element elementor-element-484eba7 rollpack-footer-image elementor-widget elementor-widget-image\" data-id=\"484eba7\" data-element_type=\"widget\" data-widget_type=\"image.default\">\n\t\t\t\t<div class=\"elementor-widget-container\">\n\t\t\t\t\t\t\t\t<div class=\"elementor-image\">\n\t\t\t\t\t\t\t\t\t\t\t\t<img width=\"300\" height=\"85\" src=\"https:\/\/rollpack.hu\/wp-content\/uploads\/2020\/01\/iso-300x85.png\" class=\"attachment-medium size-medium\" alt=\"\" loading=\"lazy\" srcset=\"https:\/\/rollpack.hu\/wp-content\/uploads\/2020\/01\/iso-300x85.png 300w, https:\/\/rollpack.hu\/wp-content\/uploads\/2020\/01\/iso.png 429w\" sizes=\"(max-width: 300px) 100vw, 300px\" \/>\t\t\t\t\t\t\t\t\t\t\t\t\t\t<\/div>\n\t\t\t\t\t\t<\/div>\n\t\t\t\t<\/div>\n\t\t\t\t\t\t<\/div>\n\t\t\t\t\t<\/div>\n\t\t<\/div>\n\t\t\t\t<div class=\"elementor-column elementor-col-66 elementor-inner-column elementor-element elementor-element-8508efb rollpack_footer_jobb\" data-id=\"8508efb\" data-element_type=\"column\">\n\t\t\t<div class=\"elementor-column-wrap elementor-element-populated\">\n\t\t\t\t\t\t\t<div class=\"elementor-widget-wrap\">\n\t\t\t\t\t\t<div class=\"elementor-element elementor-element-5aa45d2 rollpack_footer_right elementor-widget elementor-widget-html\" data-id=\"5aa45d2\" data-element_type=\"widget\" data-widget_type=\"html.default\">\n\t\t\t\t<div class=\"elementor-widget-container\">\n\t\t\t<div style=\"color:#3C424F\"><p class=\"rollpack_footer_right\"><span>Office \/ Site: <\/span>6230, Soltvadkert, Szenth\u00e1roms\u00e1g u. 100.<\/p>\r\n<p class=\"rollpack_footer_right\"><span>Headquarters: <\/span>2040, Buda\u00f6rs, \u00c9bner Gy\u00f6rgy k\u00f6z 4.<\/p><p class=\"rollpack_footer_right\"><span>Tax number:<\/span>  26112493-2-13<\/p><p class=\"rollpack_footer_right\"><span>Registration number:<\/span>  13 09 188881<\/p>\r\n<p class=\"rollpack_footer_right\"><span>E-mail: <\/span>info@rollpack.hu<\/p>\r\n<p class=\"rollpack_footer_right\"><span>Phone: <\/span>+36\/70-466-3006, +36\/78-480-238<\/p><\/div>\t\t<\/div>\n\t\t\t\t<\/div>\n\t\t\t\t\t\t<\/div>\n\t\t\t\t\t<\/div>\n\t\t<\/div>\n\t\t\t\t\t\t\t\t<\/div>\n\t\t\t\t\t<\/div>\n\t\t<\/section>\n\t\t\t\t<div class=\"elementor-element elementor-element-5d3f550 elementor-widget elementor-widget-spacer\" data-id=\"5d3f550\" data-element_type=\"widget\" data-widget_type=\"spacer.default\">\n\t\t\t\t<div class=\"elementor-widget-container\">\n\t\t\t\t\t<div class=\"elementor-spacer\">\n\t\t\t<div class=\"elementor-spacer-inner\"><\/div>\n\t\t<\/div>\n\t\t\t\t<\/div>\n\t\t\t\t<\/div>\n\t\t\t\t<div class=\"elementor-element elementor-element-b56f3b6 elementor-widget elementor-widget-google_maps\" data-id=\"b56f3b6\" data-element_type=\"widget\" data-widget_type=\"google_maps.default\">\n\t\t\t\t<div class=\"elementor-widget-container\">\n\t\t\t\t\t<div class=\"elementor-custom-embed\">\n\t\t\t<iframe frameborder=\"0\" scrolling=\"no\" marginheight=\"0\" marginwidth=\"0\"\n\t\t\t\t\tsrc=\"https:\/\/maps.google.com\/maps?q=6230%2C%20Soltvadkert%2C%20Szenth%C3%A1roms%C3%A1g%20u.%20100.&#038;t=m&#038;z=10&#038;output=embed&#038;iwloc=near\"\n\t\t\t\t\ttitle=\"6230, Soltvadkert, Szenth\u00e1roms\u00e1g u. 100.\"\n\t\t\t\t\taria-label=\"6230, Soltvadkert, Szenth\u00e1roms\u00e1g u. 100.\"\n\t\t\t><\/iframe>\n\t\t<\/div>\n\t\t\t\t<\/div>\n\t\t\t\t<\/div>\n\t\t\t\t\t\t<\/div>\n\t\t\t\t\t<\/div>\n\t\t<\/div>\n\t\t\t\t\t\t\t\t<\/div>\n\t\t\t\t\t<\/div>\n\t\t<\/section>\n\t\t\t\t\t\t<\/div>\n\t\t\t\t\t\t<\/div>\n\t\t\t\t\t<\/div>","protected":false},"excerpt":{"rendered":"<p>Keresked\u0151h\u00e1z Kft. Office \/ Site: 6230, Soltvadkert, Szenth\u00e1roms\u00e1g u. 100. Headquarters: 2040, Buda\u00f6rs, \u00c9bner Gy\u00f6rgy k\u00f6z 4. Tax number: 26112493-2-13 Registration number: 13 09 188881 E-mail: info@rollpack.hu Phone: +36\/70-466-3006, +36\/78-480-238<\/p>\n","protected":false},"author":1,"featured_media":0,"parent":0,"menu_order":0,"comment_status":"closed","ping_status":"closed","template":"","meta":[],"_links":{"self":[{"href":"https:\/\/rollpack.hu\/en\/wp-json\/wp\/v2\/pages\/629"}],"collection":[{"href":"https:\/\/rollpack.hu\/en\/wp-json\/wp\/v2\/pages"}],"about":[{"href":"https:\/\/rollpack.hu\/en\/wp-json\/wp\/v2\/types\/page"}],"author":[{"embeddable":true,"href":"https:\/\/rollpack.hu\/en\/wp-json\/wp\/v2\/users\/1"}],"replies":[{"embeddable":true,"href":"https:\/\/rollpack.hu\/en\/wp-json\/wp\/v2\/comments?post=629"}],"version-history":[{"count":2,"href":"https:\/\/rollpack.hu\/en\/wp-json\/wp\/v2\/pages\/629\/revisions"}],"predecessor-version":[{"id":851,"href":"https:\/\/rollpack.hu\/en\/wp-json\/wp\/v2\/pages\/629\/revisions\/851"}],"wp:attachment":[{"href":"https:\/\/rollpack.hu\/en\/wp-json\/wp\/v2\/media?parent=629"}],"curies":[{"name":"wp","href":"https:\/\/api.w.org\/{rel}","templated":true}]}}